{"id":82,"date":"2014-11-12T16:43:40","date_gmt":"2014-11-12T15:43:40","guid":{"rendered":"http:\/\/amap.porte.free.fr\/wordpress\/?page_id=82"},"modified":"2021-03-09T08:25:05","modified_gmt":"2021-03-09T07:25:05","slug":"amap-kesako-qui-sommes-nous","status":"publish","type":"page","link":"https:\/\/amap.porte.csc49.fr\/?page_id=82","title":{"rendered":"Une A.M.A.P., KEZAKO ?"},"content":{"rendered":"<div class=\"crayon article-texte-3 texte\">\n<p><img loading=\"lazy\" decoding=\"async\" class=\"aligncenter wp-image-584\" src=\"http:\/\/amap.porte.csc49.fr\/wp-content\/uploads\/2014\/11\/600-_IGP8936.jpg\" alt=\"600-_IGP8936\" width=\"320\" height=\"217\" \/><\/p>\n<p>L\u2019A.M.A.P. (Association pour le Maintien d&rsquo;une Agriculture Paysanne) est une association de consommateurs qui a pour but de favoriser une agriculture paysanne et durable sous forme de partenariat solidaire entre producteurs et consommateurs. Les consommateurs s\u2019engagent aupr\u00e8s d\u2019un producteur \u00e0 acheter une partie de sa production \u00e0 un prix juste et \u00e9quitable.<\/p>\n<p><strong>L\u2019AMAP permet aux consommateurs de retrouver un lien avec la terre par le biais de produits de qualit\u00e9, de saison, vari\u00e9s et \u00e9cologiquement sains (souvent en agriculture biologique, mais pas seulement).<\/strong><\/p>\n<p><strong>Elle permet aux producteurs de vivre \u00e9quitablement de leur travail, dans une d\u00e9marche de recherche de la qualit\u00e9 et permettant la culture de vari\u00e9t\u00e9s<\/strong><strong> locales et vari\u00e9es.<\/strong><\/p>\n<h4>\u00a0<\/h4>\n<h4>\u00a0<\/h4>\n<h4><em><strong>Principe de l\u2019AMAP\u00a0:<\/strong><\/em><\/h4>\n<p>\u00a0<\/p>\n<p><strong>Les consomm&rsquo;acteurs s\u2019engagent \u00e0 :<\/strong><\/p>\n<p>\u00b7 acheter \u00e0 l\u2019avance sur une p\u00e9riode d\u00e9finie (g\u00e9n\u00e9ralement 6 mois ou 1 an) une partie de la production \u00e0 une fr\u00e9quence et \u00e0 un prix donn\u00e9.<\/p>\n<p>\u00b7 \u00eatre solidaire de l\u2019agriculteur partenaire par le partage des risques li\u00e9s aux al\u00e9as de production\u00a0: qu\u2019il y ait pertes de production ou au contraire surplus, le prix du panier reste le m\u00eame.<\/p>\n<p>\u00b7 participer \u00e0 la vie de l\u2019AMAP (pr\u00e9sence lors de deux permanences par an pour aider \u00e0 la distribution, participation \u00e0 un cercle pour la vie de l&rsquo;AMAP : une ou plusieurs r\u00e9unions par an selon vos disponibilit\u00e9s).<\/p>\n<p>\u00a0<\/p>\n<p><strong>Les producteurs s\u2019engagent \u00e0 :<\/strong><\/p>\n<p>\u00b7 fournir des produits de qualit\u00e9 en respectant les modalit\u00e9s du contrat.<\/p>\n<p>\u00b7 assurer la transparence sur ses conditions de production et de fixation du prix.<\/p>\n<p>\u00b7 \u00e0 participer \u00e0 la vie de l\u2019association (r\u00f4les p\u00e9dagogique, d\u2019information des consomm&rsquo;acteurs). <strong><br \/><\/strong><\/p>\n<p>Pour plus d&rsquo;informations, voici le lien vers le site internet <a href=\"http:\/\/miramap.org\" target=\"_blank\" rel=\"noopener\">amap national<\/a><\/p>\n<p>Voici le lien vers la <a href=\"http:\/\/amap.porte.csc49.fr\/?page_id=80\" target=\"_blank\" rel=\"noopener\">charte nationale des AMAP<\/a><\/p>\n<\/div>\n\n\n<p><\/p>\n","protected":false},"excerpt":{"rendered":"<p>L\u2019A.M.A.P. (Association pour le Maintien d&rsquo;une Agriculture Paysanne) est une association de consommateurs qui a pour but de favoriser une agriculture paysanne et durable sous &hellip; <\/p>\n","protected":false},"author":1,"featured_media":0,"parent":0,"menu_order":0,"comment_status":"open","ping_status":"open","template":"","meta":{"footnotes":""},"class_list":["post-82","page","type-page","status-publish","hentry"],"_links":{"self":[{"href":"https:\/\/amap.porte.csc49.fr\/index.php?rest_route=\/wp\/v2\/pages\/82","targetHints":{"allow":["GET"]}}],"collection":[{"href":"https:\/\/amap.porte.csc49.fr\/index.php?rest_route=\/wp\/v2\/pages"}],"about":[{"href":"https:\/\/amap.porte.csc49.fr\/index.php?rest_route=\/wp\/v2\/types\/page"}],"author":[{"embeddable":true,"href":"https:\/\/amap.porte.csc49.fr\/index.php?rest_route=\/wp\/v2\/users\/1"}],"replies":[{"embeddable":true,"href":"https:\/\/amap.porte.csc49.fr\/index.php?rest_route=%2Fwp%2Fv2%2Fcomments&post=82"}],"version-history":[{"count":18,"href":"https:\/\/amap.porte.csc49.fr\/index.php?rest_route=\/wp\/v2\/pages\/82\/revisions"}],"predecessor-version":[{"id":1896,"href":"https:\/\/amap.porte.csc49.fr\/index.php?rest_route=\/wp\/v2\/pages\/82\/revisions\/1896"}],"wp:attachment":[{"href":"https:\/\/amap.porte.csc49.fr\/index.php?rest_route=%2Fwp%2Fv2%2Fmedia&parent=82"}],"curies":[{"name":"wp","href":"https:\/\/api.w.org\/{rel}","templated":true}]}}