{"id":80,"date":"2014-11-12T16:42:24","date_gmt":"2014-11-12T15:42:24","guid":{"rendered":"http:\/\/amap.porte.free.fr\/wordpress\/?page_id=80"},"modified":"2021-03-04T17:54:29","modified_gmt":"2021-03-04T16:54:29","slug":"charte-des-amap-qui-sommes-nous","status":"publish","type":"page","link":"https:\/\/amap.porte.csc49.fr\/?page_id=80","title":{"rendered":"Charte des A.M.A.P."},"content":{"rendered":"<div class=\"crayon article-texte-4 texte\">\n<h1><a href=\"http:\/\/amap.porte.csc49.fr\/wp-content\/uploads\/2019\/01\/logo-amap.jpg\"><img loading=\"lazy\" decoding=\"async\" class=\"size-full wp-image-1043 aligncenter\" src=\"http:\/\/amap.porte.csc49.fr\/wp-content\/uploads\/2019\/01\/logo-amap.jpg\" alt=\"\" width=\"250\" height=\"250\" srcset=\"https:\/\/amap.porte.csc49.fr\/wp-content\/uploads\/2019\/01\/logo-amap.jpg 250w, https:\/\/amap.porte.csc49.fr\/wp-content\/uploads\/2019\/01\/logo-amap-150x150.jpg 150w\" sizes=\"auto, (max-width: 250px) 100vw, 250px\" \/><\/a><\/h1>\n<p><strong>Voici la charte commune \u00e0 toutes les AMAP et qui d\u00e9finit le cadre de fonctionnement de ces structures. Cette charte permet de comprendre l\u2019esprit dans lequel se situent les AMAP.<\/strong><\/p>\n<p><strong>Les AMAP doivent respecter 18 principes fondateurs\u00a0:<\/strong><\/p>\n<p><strong>1. La r\u00e9f\u00e9rence \u00e0 la charte de l\u2019agriculture paysanne pour chaque producteur<\/strong><\/p>\n<p><strong>2. Une production de dimension humaine adapt\u00e9e aux types de culture et d\u2019\u00e9levage<\/strong><\/p>\n<p><strong>3. Une production respectueuse de la nature, de l\u2019environnement et de l\u2019animal\u00a0: d\u00e9veloppement d\u2019une biodiversit\u00e9, fertilit\u00e9 des sols, production sans engrais chimiques de synth\u00e8se ni pesticides, gestion \u00e9conomique de l\u2019eau \u2026<\/strong><\/p>\n<p><strong>4. Une bonne qualit\u00e9 des produits\u00a0: gustative, sanitaire, environnementale<\/strong><\/p>\n<p><strong>5. L\u2019appui \u00e0 l\u2019agriculture paysanne locale<\/strong><\/p>\n<p><strong>6. La solidarit\u00e9 et des liens actifs avec tous les acteurs locaux oeuvrant pour le maintien de l\u2019agriculture durable et d\u2019un commerce solidaire<\/strong><\/p>\n<p><strong>7. Le respect des normes sociales par rapport aux employ\u00e9s de l\u2019exploitation, y compris le personnel temporaire<\/strong><\/p>\n<p><strong>8. La recherche de la transparence dans les actes d\u2019achat, de production, de transformation et de vente des produits agricoles<\/strong><\/p>\n<p><strong>9. L\u2019accompagnement du producteur \u00e0 l\u2019autonomie, c\u2019est-\u00e0-dire la capacit\u00e9 \u00e0 \u00eatre ma\u00eetre de ses choix<\/strong><\/p>\n<p><strong>10. La proximit\u00e9 du producteur et des consommateurs\u00a0: elle est indispensable pour assurer le lien direct entre eux et pour favoriser le circuit le plus court entre producteur et consommateurs<\/strong><\/p>\n<p><strong>11. Une AMAP par producteur et par groupe local de consommateurs<\/strong><\/p>\n<p><strong>12. La formalisation et le respect des contrats \u00e0 chaque saison entre consommateurs et producteurs<\/strong><\/p>\n<p><strong>13. Aucun interm\u00e9diaire entre producteur et consommateurs, pas de produits achet\u00e9s et revendus par le producteur sans accord des consommateurs<\/strong><\/p>\n<p><strong>14. La d\u00e9finition \u00e0 chaque saison d\u2019un prix \u00e9quitable entre producteur et consommateurs<\/strong><\/p>\n<p><strong>15. Une information fr\u00e9quente du consommateur sur les produits<\/strong><\/p>\n<p><strong>16. La solidarit\u00e9 des consommateurs avec le producteur dans les al\u00e9as de la production<\/strong><\/p>\n<p><strong>17. Une participation active des consommateurs \u00e0 l\u2019AMAP favoris\u00e9e notamment par la responsabilisation du maximum d\u2019adh\u00e9rents<\/strong><\/p>\n<p><strong>18. Une sensibilisation des adh\u00e9rents de l\u2019AMAP aux particularit\u00e9s de l\u2019agriculture paysanne<\/strong><\/p>\n<\/div>\n","protected":false},"excerpt":{"rendered":"<p>Voici la charte commune \u00e0 toutes les AMAP et qui d\u00e9finit le cadre de fonctionnement de ces structures. Cette charte permet de comprendre l\u2019esprit dans &hellip; <\/p>\n","protected":false},"author":1,"featured_media":0,"parent":0,"menu_order":0,"comment_status":"open","ping_status":"open","template":"","meta":{"footnotes":""},"class_list":["post-80","page","type-page","status-publish","hentry"],"_links":{"self":[{"href":"https:\/\/amap.porte.csc49.fr\/index.php?rest_route=\/wp\/v2\/pages\/80","targetHints":{"allow":["GET"]}}],"collection":[{"href":"https:\/\/amap.porte.csc49.fr\/index.php?rest_route=\/wp\/v2\/pages"}],"about":[{"href":"https:\/\/amap.porte.csc49.fr\/index.php?rest_route=\/wp\/v2\/types\/page"}],"author":[{"embeddable":true,"href":"https:\/\/amap.porte.csc49.fr\/index.php?rest_route=\/wp\/v2\/users\/1"}],"replies":[{"embeddable":true,"href":"https:\/\/amap.porte.csc49.fr\/index.php?rest_route=%2Fwp%2Fv2%2Fcomments&post=80"}],"version-history":[{"count":5,"href":"https:\/\/amap.porte.csc49.fr\/index.php?rest_route=\/wp\/v2\/pages\/80\/revisions"}],"predecessor-version":[{"id":1613,"href":"https:\/\/amap.porte.csc49.fr\/index.php?rest_route=\/wp\/v2\/pages\/80\/revisions\/1613"}],"wp:attachment":[{"href":"https:\/\/amap.porte.csc49.fr\/index.php?rest_route=%2Fwp%2Fv2%2Fmedia&parent=80"}],"curies":[{"name":"wp","href":"https:\/\/api.w.org\/{rel}","templated":true}]}}