{"id":68,"date":"2014-11-12T16:28:55","date_gmt":"2014-11-12T15:28:55","guid":{"rendered":"http:\/\/amap.porte.free.fr\/wordpress\/?page_id=68"},"modified":"2023-06-28T10:39:33","modified_gmt":"2023-06-28T09:39:33","slug":"contactsliens-utiles","status":"publish","type":"page","link":"https:\/\/amap.porte.csc49.fr\/?page_id=68","title":{"rendered":"Contacts et Liens utiles"},"content":{"rendered":"<div class=\"crayon article-texte-19 texte\">\n<p style=\"text-align: left;\"><strong><em>Pour nous contacter :<\/em> <\/strong><\/p>\n<p style=\"text-align: left;\">&#8211; Par mail : <a href=\"mailto:amap.porte@gmail.com\">amap.porte[@]gmail.com<\/a><\/p>\n<p style=\"text-align: left;\">&#8211; Ou venir nous rencontrer lors des distributions : l<strong>es vendredis soir de 18h30 \u00e0 19h15<br \/><\/strong><\/p>\n<ul class=\"wp-block-list\">\n<li>De avril \u00e0 septembre : \u00e0 <strong>la ferme de la Pr\u00e9e<\/strong> (Sortie Chemill\u00e9, direction La Chapelle-Rousselin, \u00e0 droite avant le rond-point)<\/li>\n \n<li>De octobre \u00e0 mars : au <strong>Cercle Pointu<\/strong> (Rue de la Broderie \u00e0 Chemill\u00e9)<\/li>\n<\/ul>\n<p style=\"text-align: left;\"><\/p>\n<p style=\"text-align: center;\"><strong>&#8212;&#8212;&#8212;&#8212;&#8212;&#8212;&#8212;&#8212;&#8212;&#8212;<\/strong><\/p>\n<p style=\"text-align: center;\">\u00a0<\/p>\n<p><strong><em>R\u00e9seaux des Amap Francaises<\/em>\u00a0: <a class=\"spip_out\" href=\"http:\/\/www.reseau-amap.org\/\" target=\"_blank\" rel=\"external noopener\">http:\/\/www.reseau-amap.org<\/a><\/strong><\/p>\n<p><strong><em>MIRAMAP<\/em> \u00a0: mouvement inter-r\u00e9gional des AMAP\u00a0: <a class=\"spip_out\" href=\"http:\/\/miramap.org\/\" target=\"_blank\" rel=\"external noopener\">http:\/\/miramap.org<\/a><\/strong><\/p>\n<p><strong><em>Relier<\/em> \u00a0: s\u2019installer pour vivre en milieu rural : <a href=\"http:\/\/www.reseau-relier.org\/\" target=\"_blank\" rel=\"noopener\">http:\/\/www.reseau-relier.org\/<\/a><\/strong><\/p>\n<p><strong><em>Terre de Liens<\/em> : tout savoir sur les initiatives collectives d\u2019achat et de gestion du foncier et du b\u00e2ti en milieu rural :\u00a0 <a class=\"spip_out\" href=\"http:\/\/www.terredeliens.org\/\" target=\"_blank\" rel=\"external noopener\">http:\/\/www.terredeliens.org<\/a><\/strong><\/p>\n<\/div>\n\n\n<p><\/p>\n","protected":false},"excerpt":{"rendered":"<p>Pour nous contacter : &#8211; Par mail : amap.porte[@]gmail.com &#8211; Ou venir nous rencontrer lors des distributions : les vendredis soir de 18h30 \u00e0 19h15 &hellip; <\/p>\n","protected":false},"author":1,"featured_media":0,"parent":0,"menu_order":0,"comment_status":"open","ping_status":"open","template":"","meta":{"footnotes":""},"class_list":["post-68","page","type-page","status-publish","hentry"],"_links":{"self":[{"href":"https:\/\/amap.porte.csc49.fr\/index.php?rest_route=\/wp\/v2\/pages\/68","targetHints":{"allow":["GET"]}}],"collection":[{"href":"https:\/\/amap.porte.csc49.fr\/index.php?rest_route=\/wp\/v2\/pages"}],"about":[{"href":"https:\/\/amap.porte.csc49.fr\/index.php?rest_route=\/wp\/v2\/types\/page"}],"author":[{"embeddable":true,"href":"https:\/\/amap.porte.csc49.fr\/index.php?rest_route=\/wp\/v2\/users\/1"}],"replies":[{"embeddable":true,"href":"https:\/\/amap.porte.csc49.fr\/index.php?rest_route=%2Fwp%2Fv2%2Fcomments&post=68"}],"version-history":[{"count":9,"href":"https:\/\/amap.porte.csc49.fr\/index.php?rest_route=\/wp\/v2\/pages\/68\/revisions"}],"predecessor-version":[{"id":2129,"href":"https:\/\/amap.porte.csc49.fr\/index.php?rest_route=\/wp\/v2\/pages\/68\/revisions\/2129"}],"wp:attachment":[{"href":"https:\/\/amap.porte.csc49.fr\/index.php?rest_route=%2Fwp%2Fv2%2Fmedia&parent=68"}],"curies":[{"name":"wp","href":"https:\/\/api.w.org\/{rel}","templated":true}]}}