{"id":539,"date":"2014-11-18T12:12:34","date_gmt":"2014-11-18T11:12:34","guid":{"rendered":"http:\/\/amap.porte.csc49.fr\/?page_id=539"},"modified":"2023-04-24T10:30:07","modified_gmt":"2023-04-24T09:30:07","slug":"contrat-pommes","status":"publish","type":"page","link":"https:\/\/amap.porte.csc49.fr\/?page_id=539","title":{"rendered":"Pommes et jus de pomme"},"content":{"rendered":"<p><a href=\"http:\/\/amap.porte.csc49.fr\/wp-content\/uploads\/2014\/11\/Pommes.jpg\"><img loading=\"lazy\" decoding=\"async\" class=\"alignnone size-full wp-image-540\" src=\"http:\/\/amap.porte.csc49.fr\/wp-content\/uploads\/2014\/11\/Pommes.jpg\" alt=\"Pommes\" width=\"100\" height=\"95\"><\/a><\/p>\n<p><strong>David et Fran\u00e7ois, de la SARL du Pr\u00e9-F\u00e9ron de Chemill\u00e9, sont ravis de vous livrer vos pommes le deuxi\u00e8me vendredi de chaque mois, de septembre \u00e0 avril.<\/strong><\/p>\n<p>Vous pouvez commander les produits suivants (prix 2023 \u00e0 titre indicatif):<\/p>\n<ul>\n<li>cagette de 5 kg de pommes : 10,50\u20ac<\/li>\n<li>cagette de 10 kg de pommes : 21\u20ac<\/li>\n<li>jus de pomme : 2,50\u20ac le litre<\/li>\n<li>jus de pomme\/framboise : 2,70\u20ac le litre<\/li>\n<li>p\u00e9tillant pomme : 3,10\u20ac les 75 cl<\/li>\n<li>compote de pommes : 3,90\u20ac le pot de 550 g.<\/li>\n<\/ul>\n<p><a href=\"http:\/\/amap.porte.csc49.fr\/wp-content\/uploads\/2019\/01\/20180921_183745.jpg\"><img loading=\"lazy\" decoding=\"async\" class=\"alignnone  wp-image-1060\" src=\"http:\/\/amap.porte.csc49.fr\/wp-content\/uploads\/2019\/01\/20180921_183745-300x169.jpg\" alt=\"\" width=\"350\" height=\"197\" srcset=\"https:\/\/amap.porte.csc49.fr\/wp-content\/uploads\/2019\/01\/20180921_183745-300x169.jpg 300w, https:\/\/amap.porte.csc49.fr\/wp-content\/uploads\/2019\/01\/20180921_183745-768x432.jpg 768w, https:\/\/amap.porte.csc49.fr\/wp-content\/uploads\/2019\/01\/20180921_183745-1024x576.jpg 1024w, https:\/\/amap.porte.csc49.fr\/wp-content\/uploads\/2019\/01\/20180921_183745.jpg 2000w\" sizes=\"auto, (max-width: 350px) 100vw, 350px\" \/><\/a><\/p>\n<p><a href=\"http:\/\/amap.porte.csc49.fr\/wp-content\/uploads\/2019\/01\/20180921_183802.jpg\"><img loading=\"lazy\" decoding=\"async\" class=\"alignnone  wp-image-1061\" src=\"http:\/\/amap.porte.csc49.fr\/wp-content\/uploads\/2019\/01\/20180921_183802-300x169.jpg\" alt=\"\" width=\"361\" height=\"203\" srcset=\"https:\/\/amap.porte.csc49.fr\/wp-content\/uploads\/2019\/01\/20180921_183802-300x169.jpg 300w, https:\/\/amap.porte.csc49.fr\/wp-content\/uploads\/2019\/01\/20180921_183802-768x432.jpg 768w, https:\/\/amap.porte.csc49.fr\/wp-content\/uploads\/2019\/01\/20180921_183802-1024x576.jpg 1024w, https:\/\/amap.porte.csc49.fr\/wp-content\/uploads\/2019\/01\/20180921_183802.jpg 2000w\" sizes=\"auto, (max-width: 361px) 100vw, 361px\" \/>&nbsp;&nbsp;&nbsp;&nbsp; <\/a><a href=\"http:\/\/amap.porte.csc49.fr\/wp-content\/uploads\/2021\/03\/20180914_182305.jpg\"><img loading=\"lazy\" decoding=\"async\" class=\"alignnone  wp-image-1960\" src=\"http:\/\/amap.porte.csc49.fr\/wp-content\/uploads\/2021\/03\/20180914_182305-300x169.jpg\" alt=\"\" width=\"355\" height=\"200\" srcset=\"https:\/\/amap.porte.csc49.fr\/wp-content\/uploads\/2021\/03\/20180914_182305-300x169.jpg 300w, https:\/\/amap.porte.csc49.fr\/wp-content\/uploads\/2021\/03\/20180914_182305-1024x576.jpg 1024w, https:\/\/amap.porte.csc49.fr\/wp-content\/uploads\/2021\/03\/20180914_182305-768x432.jpg 768w, https:\/\/amap.porte.csc49.fr\/wp-content\/uploads\/2021\/03\/20180914_182305-1536x864.jpg 1536w, https:\/\/amap.porte.csc49.fr\/wp-content\/uploads\/2021\/03\/20180914_182305-107x60.jpg 107w, https:\/\/amap.porte.csc49.fr\/wp-content\/uploads\/2021\/03\/20180914_182305-840x473.jpg 840w, https:\/\/amap.porte.csc49.fr\/wp-content\/uploads\/2021\/03\/20180914_182305.jpg 2000w\" sizes=\"auto, (max-width: 355px) 100vw, 355px\" \/><\/a><\/p>\n<p><\/p>\n\n\n<p>Pour toute demande d&rsquo;informations sur les produits : <a href=\"http:\/\/amap.porte.csc49.fr\/wp-admin\/amap.porte@gmail.com\">amap.porte[@]gmail.com<\/a><\/p>\n","protected":false},"excerpt":{"rendered":"<p>David et Fran\u00e7ois, de la SARL du Pr\u00e9-F\u00e9ron de Chemill\u00e9, sont ravis de vous livrer vos pommes le deuxi\u00e8me vendredi de chaque mois, de septembre &hellip; <\/p>\n","protected":false},"author":1,"featured_media":0,"parent":0,"menu_order":0,"comment_status":"open","ping_status":"closed","template":"","meta":{"footnotes":""},"class_list":["post-539","page","type-page","status-publish","hentry"],"_links":{"self":[{"href":"https:\/\/amap.porte.csc49.fr\/index.php?rest_route=\/wp\/v2\/pages\/539","targetHints":{"allow":["GET"]}}],"collection":[{"href":"https:\/\/amap.porte.csc49.fr\/index.php?rest_route=\/wp\/v2\/pages"}],"about":[{"href":"https:\/\/amap.porte.csc49.fr\/index.php?rest_route=\/wp\/v2\/types\/page"}],"author":[{"embeddable":true,"href":"https:\/\/amap.porte.csc49.fr\/index.php?rest_route=\/wp\/v2\/users\/1"}],"replies":[{"embeddable":true,"href":"https:\/\/amap.porte.csc49.fr\/index.php?rest_route=%2Fwp%2Fv2%2Fcomments&post=539"}],"version-history":[{"count":21,"href":"https:\/\/amap.porte.csc49.fr\/index.php?rest_route=\/wp\/v2\/pages\/539\/revisions"}],"predecessor-version":[{"id":2093,"href":"https:\/\/amap.porte.csc49.fr\/index.php?rest_route=\/wp\/v2\/pages\/539\/revisions\/2093"}],"wp:attachment":[{"href":"https:\/\/amap.porte.csc49.fr\/index.php?rest_route=%2Fwp%2Fv2%2Fmedia&parent=539"}],"curies":[{"name":"wp","href":"https:\/\/api.w.org\/{rel}","templated":true}]}}