{"id":531,"date":"2014-11-18T12:08:48","date_gmt":"2014-11-18T11:08:48","guid":{"rendered":"http:\/\/amap.porte.csc49.fr\/?page_id=531"},"modified":"2023-04-21T16:00:54","modified_gmt":"2023-04-21T15:00:54","slug":"contrat-poisson","status":"publish","type":"page","link":"https:\/\/amap.porte.csc49.fr\/?page_id=531","title":{"rendered":"Poissons"},"content":{"rendered":"<p><a href=\"http:\/\/amap.porte.csc49.fr\/wp-content\/uploads\/2014\/11\/Poisson.png\"><img loading=\"lazy\" decoding=\"async\" class=\"alignnone size-full wp-image-532\" src=\"http:\/\/amap.porte.csc49.fr\/wp-content\/uploads\/2014\/11\/Poisson.png\" alt=\"Poisson\" width=\"147\" height=\"104\" \/><\/a><\/p>\n<p><strong>Gr\u00e2ce \u00e0 notre partenariat avec les p\u00eacheurs de l&rsquo;Ile d&rsquo;yeu, vous pouvez obtenir des colis de 3 \u00e0 4 kg de poisson (3tarif indicatif: 36\u20ac le colis en 2023) chaque mois de septembre \u00e0 juin.<\/strong><\/p>\n<p>Sur le principe, c\u2019est un contrat AMAP&rsquo;porte classique avec un engagement mutuel sur une dur\u00e9e de 10 mois avec le p\u00eacheur. Il y a n\u00e9anmoins en sus une charte \u00e0 signer entre les deux parties sp\u00e9cifique \u00e0 la p\u00eache. Vous trouverez ci dessous la charte AMAP&rsquo;porte Poissons :<\/p>\n<p><a href=\"http:\/\/amap.porte.csc49.fr\/wp-content\/uploads\/2014\/11\/Charte-Amap-Poisson.pdf\" target=\"_blank\" rel=\"noopener\">Charte Amap&rsquo;porte Poisson<\/a><\/p>\n<p><em>Petite particularit\u00e9<\/em>\u00a0 :<\/p>\n<ul>\n<li>Les livraisons se font en dehors de la distribution \u00ab\u00a0classique\u00a0\u00bb du vendredi soir.<\/li>\n<li>Les livraisons sont effectu\u00e9es par les p\u00eacheurs au lieu dit les 3 poiriers \u00e0 Le Voide-Vihiers, un jeudi par mois \u00e0 16h (12 km de Chemill\u00e9, voir le lien <a class=\"spip_url spip_out\" href=\"http:\/\/goo.gl\/maps\/0VxCx\" rel=\"nofollow external\">http:\/\/goo.gl\/maps\/0VxCx<\/a> ).<\/li>\n<li>L&rsquo;id\u00e9e est qu&rsquo;un amapien \u00e0 tour de r\u00f4le, se rende au Voide et rapporte les colis \u00e0 Chemill\u00e9 pour que les autres puissent le r\u00e9cup\u00e9rer au Cercle pointu, lieu habituel de distribution de l&rsquo;AMAP.<\/li>\n<\/ul>\n\n\n<p>Pour toute demande d&rsquo;informations sur les produits : <a href=\"http:\/\/amap.porte.csc49.fr\/wp-admin\/amap.porte@gmail.com\">amap.porte[@]gmail.com<\/a><\/p>\n","protected":false},"excerpt":{"rendered":"<p>Gr\u00e2ce \u00e0 notre partenariat avec les p\u00eacheurs de l&rsquo;Ile d&rsquo;yeu, vous pouvez obtenir des colis de 3 \u00e0 4 kg de poisson (3tarif indicatif: 36\u20ac &hellip; <\/p>\n","protected":false},"author":1,"featured_media":0,"parent":0,"menu_order":0,"comment_status":"open","ping_status":"open","template":"","meta":{"footnotes":""},"class_list":["post-531","page","type-page","status-publish","hentry"],"_links":{"self":[{"href":"https:\/\/amap.porte.csc49.fr\/index.php?rest_route=\/wp\/v2\/pages\/531","targetHints":{"allow":["GET"]}}],"collection":[{"href":"https:\/\/amap.porte.csc49.fr\/index.php?rest_route=\/wp\/v2\/pages"}],"about":[{"href":"https:\/\/amap.porte.csc49.fr\/index.php?rest_route=\/wp\/v2\/types\/page"}],"author":[{"embeddable":true,"href":"https:\/\/amap.porte.csc49.fr\/index.php?rest_route=\/wp\/v2\/users\/1"}],"replies":[{"embeddable":true,"href":"https:\/\/amap.porte.csc49.fr\/index.php?rest_route=%2Fwp%2Fv2%2Fcomments&post=531"}],"version-history":[{"count":14,"href":"https:\/\/amap.porte.csc49.fr\/index.php?rest_route=\/wp\/v2\/pages\/531\/revisions"}],"predecessor-version":[{"id":2032,"href":"https:\/\/amap.porte.csc49.fr\/index.php?rest_route=\/wp\/v2\/pages\/531\/revisions\/2032"}],"wp:attachment":[{"href":"https:\/\/amap.porte.csc49.fr\/index.php?rest_route=%2Fwp%2Fv2%2Fmedia&parent=531"}],"curies":[{"name":"wp","href":"https:\/\/api.w.org\/{rel}","templated":true}]}}