{"id":527,"date":"2014-11-18T12:05:42","date_gmt":"2014-11-18T11:05:42","guid":{"rendered":"http:\/\/amap.porte.csc49.fr\/?page_id=527"},"modified":"2026-03-11T21:34:37","modified_gmt":"2026-03-11T20:34:37","slug":"contrat-pain-farine-fouees","status":"publish","type":"page","link":"https:\/\/amap.porte.csc49.fr\/?page_id=527","title":{"rendered":"Farine T80 et miel"},"content":{"rendered":"\n<figure class=\"wp-block-image\"><a href=\"http:\/\/amap.porte.csc49.fr\/wp-content\/uploads\/2014\/11\/Produits-laitiers-Pain-Farine.jpg\"><img loading=\"lazy\" decoding=\"async\" width=\"100\" height=\"93\" src=\"http:\/\/amap.porte.csc49.fr\/wp-content\/uploads\/2014\/11\/Produits-laitiers-Pain-Farine.jpg\" alt=\"Produits laitiers - Pain - Farine\" class=\"wp-image-528\"\/><\/a><\/figure>\n\n\n\n<p><strong>Emmanuel et V\u00e9ronique, de la ferme de la Fert\u00e9 \u00e0 Chemill\u00e9, proposent de la farine de bl\u00e9 T80 et du miel \u00e0 l&rsquo;AMAP, environ tous les 2 mois. <\/strong><\/p>\n\n\n\n<p>Ils vous proposent (tarifs indicatifs 2025):<\/p>\n\n\n\n<ul class=\"wp-block-list\">\n<li>Farine de bl\u00e9 T80 (800g) : 2,30 \u20ac<\/li>\n\n\n\n<li>Miel d&rsquo;\u00e9t\u00e9 (500g) : 7,50 \u20ac<\/li>\n<\/ul>\n\n\n\n<p>Pour toute demande d&rsquo;informations sur les produits : <a href=\"http:\/\/amap.porte.csc49.fr\/wp-admin\/amap.porte@gmail.com\">amap.porte[@]gmail.com<\/a><\/p>\n\n\n\n<hr class=\"wp-block-separator has-alpha-channel-opacity\"\/>\n\n\n\n<p>C&rsquo;est une ferme en polyculture \u00e9levage avec vaches \u00e0 viande, porcs et c\u00e9r\u00e9ales avec transformation en pain et fou\u00e9es.<\/p>\n\n\n\n<figure class=\"wp-block-image size-large is-resized\"><a href=\"http:\/\/amap.porte.csc49.fr\/wp-content\/uploads\/2023\/04\/20210306_103623-scaled.jpg\"><img loading=\"lazy\" decoding=\"async\" width=\"1024\" height=\"576\" src=\"http:\/\/amap.porte.csc49.fr\/wp-content\/uploads\/2023\/04\/20210306_103623-1024x576.jpg\" alt=\"\" class=\"wp-image-2094\" style=\"width:607px;height:341px\" srcset=\"https:\/\/amap.porte.csc49.fr\/wp-content\/uploads\/2023\/04\/20210306_103623-1024x576.jpg 1024w, https:\/\/amap.porte.csc49.fr\/wp-content\/uploads\/2023\/04\/20210306_103623-300x169.jpg 300w, https:\/\/amap.porte.csc49.fr\/wp-content\/uploads\/2023\/04\/20210306_103623-768x432.jpg 768w, https:\/\/amap.porte.csc49.fr\/wp-content\/uploads\/2023\/04\/20210306_103623-1536x864.jpg 1536w, https:\/\/amap.porte.csc49.fr\/wp-content\/uploads\/2023\/04\/20210306_103623-2048x1152.jpg 2048w, https:\/\/amap.porte.csc49.fr\/wp-content\/uploads\/2023\/04\/20210306_103623-107x60.jpg 107w, https:\/\/amap.porte.csc49.fr\/wp-content\/uploads\/2023\/04\/20210306_103623-840x473.jpg 840w\" sizes=\"auto, (max-width: 1024px) 100vw, 1024px\" \/><\/a><\/figure>\n\n\n\n<p>NB : <strong>La ferme est sp\u00e9cialis\u00e9e dans la fabrication de fouaces \u00e0 l&rsquo;ancienne cuites au feu de bois, pour des animations<\/strong> (hors AMAP, contacter abcfouee@gmail.com) <\/p>\n\n\n\n<figure class=\"wp-block-image size-large is-resized\"><a href=\"http:\/\/amap.porte.csc49.fr\/wp-content\/uploads\/2023\/04\/20210410_132055-scaled.jpg\"><img loading=\"lazy\" decoding=\"async\" width=\"576\" height=\"1024\" src=\"http:\/\/amap.porte.csc49.fr\/wp-content\/uploads\/2023\/04\/20210410_132055-576x1024.jpg\" alt=\"\" class=\"wp-image-2097\" style=\"width:411px;height:731px\" srcset=\"https:\/\/amap.porte.csc49.fr\/wp-content\/uploads\/2023\/04\/20210410_132055-576x1024.jpg 576w, https:\/\/amap.porte.csc49.fr\/wp-content\/uploads\/2023\/04\/20210410_132055-169x300.jpg 169w, https:\/\/amap.porte.csc49.fr\/wp-content\/uploads\/2023\/04\/20210410_132055-768x1365.jpg 768w, https:\/\/amap.porte.csc49.fr\/wp-content\/uploads\/2023\/04\/20210410_132055-864x1536.jpg 864w, https:\/\/amap.porte.csc49.fr\/wp-content\/uploads\/2023\/04\/20210410_132055-1152x2048.jpg 1152w, https:\/\/amap.porte.csc49.fr\/wp-content\/uploads\/2023\/04\/20210410_132055-34x60.jpg 34w, https:\/\/amap.porte.csc49.fr\/wp-content\/uploads\/2023\/04\/20210410_132055-scaled.jpg 1440w\" sizes=\"auto, (max-width: 576px) 100vw, 576px\" \/><\/a><\/figure>\n","protected":false},"excerpt":{"rendered":"<p>Emmanuel et V\u00e9ronique, de la ferme de la Fert\u00e9 \u00e0 Chemill\u00e9, proposent de la farine de bl\u00e9 T80 et du miel \u00e0 l&rsquo;AMAP, environ tous &hellip; <\/p>\n","protected":false},"author":1,"featured_media":0,"parent":0,"menu_order":0,"comment_status":"open","ping_status":"closed","template":"","meta":{"footnotes":""},"class_list":["post-527","page","type-page","status-publish","hentry"],"_links":{"self":[{"href":"https:\/\/amap.porte.csc49.fr\/index.php?rest_route=\/wp\/v2\/pages\/527","targetHints":{"allow":["GET"]}}],"collection":[{"href":"https:\/\/amap.porte.csc49.fr\/index.php?rest_route=\/wp\/v2\/pages"}],"about":[{"href":"https:\/\/amap.porte.csc49.fr\/index.php?rest_route=\/wp\/v2\/types\/page"}],"author":[{"embeddable":true,"href":"https:\/\/amap.porte.csc49.fr\/index.php?rest_route=\/wp\/v2\/users\/1"}],"replies":[{"embeddable":true,"href":"https:\/\/amap.porte.csc49.fr\/index.php?rest_route=%2Fwp%2Fv2%2Fcomments&post=527"}],"version-history":[{"count":30,"href":"https:\/\/amap.porte.csc49.fr\/index.php?rest_route=\/wp\/v2\/pages\/527\/revisions"}],"predecessor-version":[{"id":2214,"href":"https:\/\/amap.porte.csc49.fr\/index.php?rest_route=\/wp\/v2\/pages\/527\/revisions\/2214"}],"wp:attachment":[{"href":"https:\/\/amap.porte.csc49.fr\/index.php?rest_route=%2Fwp%2Fv2%2Fmedia&parent=527"}],"curies":[{"name":"wp","href":"https:\/\/api.w.org\/{rel}","templated":true}]}}