{"id":519,"date":"2014-11-18T12:00:07","date_gmt":"2014-11-18T11:00:07","guid":{"rendered":"http:\/\/amap.porte.csc49.fr\/?page_id=519"},"modified":"2023-04-21T15:26:42","modified_gmt":"2023-04-21T14:26:42","slug":"contrat-fruits-rouges","status":"publish","type":"page","link":"https:\/\/amap.porte.csc49.fr\/?page_id=519","title":{"rendered":"Fruits rouges"},"content":{"rendered":"<p><a href=\"http:\/\/amap.porte.csc49.fr\/wp-content\/uploads\/2014\/11\/Fruits-rouges.jpg\"><img loading=\"lazy\" decoding=\"async\" class=\"alignnone size-full wp-image-520\" src=\"http:\/\/amap.porte.csc49.fr\/wp-content\/uploads\/2014\/11\/Fruits-rouges.jpg\" alt=\"Fruits rouges\" width=\"100\" height=\"98\" \/><\/a><\/p>\n<p><strong>Le GAEC lait-fraise, situ\u00e9 \u00e0 Valanjou, vous propose de d\u00e9guster des petits fruits :<\/strong><\/p>\n<ul>\n<li>fraises (Mara des Bois, Cirafine, Charlotte, Cijos\u00e9e, Gariguette \u2026),<\/li>\n<li>fraises des bois,<\/li>\n<li>framboises (Meeker , Zeva\u2026),<\/li>\n<li>cassis,<\/li>\n<li>groseilles \u00e0 maquereaux et grappes,<\/li>\n<li>m\u00fbres.<\/li>\n<\/ul>\n<p>Armelle Deregnaucourt produit ses fruits selon le cahier des charges de l\u2019agriculture biologique.<\/p>\n<p>A titre indicatif pour 2022:<\/p>\n<p>Les fraises sont \u00e0 5\u20ac50 la barquette de 500g et les autres petits fruits en barquette de 125g \u00e0 2\u20ac70 .<\/p>\n<p>Armelle propose aussi des confitures de fraise \u00e0 4\u20ac50, des gel\u00e9es \u00e0 4\u20ac50, des jus de fruits \u00e0 4\u20ac le litre et des sirops \u00e0 8\u20ac50 le litre.<\/p>\n<p>Ces produits sont propos\u00e9s chaque semaine de juin \u00e0 septembre environ.<\/p>\n<p style=\"text-align: center;\">\u00a0<\/p>\n<p><a href=\"http:\/\/amap.porte.csc49.fr\/wp-content\/uploads\/2019\/01\/20180921_183730.jpg\"><img loading=\"lazy\" decoding=\"async\" class=\"alignnone  wp-image-1059\" src=\"http:\/\/amap.porte.csc49.fr\/wp-content\/uploads\/2019\/01\/20180921_183730-300x169.jpg\" alt=\"\" width=\"421\" height=\"237\" srcset=\"https:\/\/amap.porte.csc49.fr\/wp-content\/uploads\/2019\/01\/20180921_183730-300x169.jpg 300w, https:\/\/amap.porte.csc49.fr\/wp-content\/uploads\/2019\/01\/20180921_183730-768x432.jpg 768w, https:\/\/amap.porte.csc49.fr\/wp-content\/uploads\/2019\/01\/20180921_183730-1024x576.jpg 1024w, https:\/\/amap.porte.csc49.fr\/wp-content\/uploads\/2019\/01\/20180921_183730.jpg 2000w\" sizes=\"auto, (max-width: 421px) 100vw, 421px\" \/>\u00a0\u00a0\u00a0<\/a> <a href=\"http:\/\/amap.porte.csc49.fr\/wp-content\/uploads\/2021\/03\/Armelle-Deregnancourt.jpg\"><img loading=\"lazy\" decoding=\"async\" class=\"alignnone  wp-image-1965\" src=\"http:\/\/amap.porte.csc49.fr\/wp-content\/uploads\/2021\/03\/Armelle-Deregnancourt-300x200.jpg\" alt=\"\" width=\"361\" height=\"240\" srcset=\"https:\/\/amap.porte.csc49.fr\/wp-content\/uploads\/2021\/03\/Armelle-Deregnancourt-300x200.jpg 300w, https:\/\/amap.porte.csc49.fr\/wp-content\/uploads\/2021\/03\/Armelle-Deregnancourt-768x513.jpg 768w, https:\/\/amap.porte.csc49.fr\/wp-content\/uploads\/2021\/03\/Armelle-Deregnancourt-90x60.jpg 90w, https:\/\/amap.porte.csc49.fr\/wp-content\/uploads\/2021\/03\/Armelle-Deregnancourt.jpg 800w, https:\/\/amap.porte.csc49.fr\/wp-content\/uploads\/2021\/03\/Armelle-Deregnancourt-420x280.jpg 420w\" sizes=\"auto, (max-width: 361px) 100vw, 361px\" \/><\/a><\/p>\n<p style=\"text-align: center;\">\u00a0<\/p>\n<p style=\"text-align: center;\">\u00a0<\/p>\n\n\n<p>Pour toute demande d&rsquo;informations sur les produits : <a href=\"amap.porte@gmail.com\">amap.porte[@]gmail.com<\/a><\/p>\n","protected":false},"excerpt":{"rendered":"<p>Le GAEC lait-fraise, situ\u00e9 \u00e0 Valanjou, vous propose de d\u00e9guster des petits fruits : fraises (Mara des Bois, Cirafine, Charlotte, Cijos\u00e9e, Gariguette \u2026), fraises des &hellip; <\/p>\n","protected":false},"author":1,"featured_media":0,"parent":0,"menu_order":0,"comment_status":"open","ping_status":"open","template":"","meta":{"footnotes":""},"class_list":["post-519","page","type-page","status-publish","hentry"],"_links":{"self":[{"href":"https:\/\/amap.porte.csc49.fr\/index.php?rest_route=\/wp\/v2\/pages\/519","targetHints":{"allow":["GET"]}}],"collection":[{"href":"https:\/\/amap.porte.csc49.fr\/index.php?rest_route=\/wp\/v2\/pages"}],"about":[{"href":"https:\/\/amap.porte.csc49.fr\/index.php?rest_route=\/wp\/v2\/types\/page"}],"author":[{"embeddable":true,"href":"https:\/\/amap.porte.csc49.fr\/index.php?rest_route=\/wp\/v2\/users\/1"}],"replies":[{"embeddable":true,"href":"https:\/\/amap.porte.csc49.fr\/index.php?rest_route=%2Fwp%2Fv2%2Fcomments&post=519"}],"version-history":[{"count":21,"href":"https:\/\/amap.porte.csc49.fr\/index.php?rest_route=\/wp\/v2\/pages\/519\/revisions"}],"predecessor-version":[{"id":2025,"href":"https:\/\/amap.porte.csc49.fr\/index.php?rest_route=\/wp\/v2\/pages\/519\/revisions\/2025"}],"wp:attachment":[{"href":"https:\/\/amap.porte.csc49.fr\/index.php?rest_route=%2Fwp%2Fv2%2Fmedia&parent=519"}],"curies":[{"name":"wp","href":"https:\/\/api.w.org\/{rel}","templated":true}]}}