{"id":511,"date":"2014-11-18T11:55:11","date_gmt":"2014-11-18T10:55:11","guid":{"rendered":"http:\/\/amap.porte.csc49.fr\/?page_id=511"},"modified":"2023-04-21T15:54:30","modified_gmt":"2023-04-21T14:54:30","slug":"contrat-huile-et-tisane","status":"publish","type":"page","link":"https:\/\/amap.porte.csc49.fr\/?page_id=511","title":{"rendered":"Huile et tisane"},"content":{"rendered":"<p><a href=\"http:\/\/amap.porte.csc49.fr\/wp-content\/uploads\/2014\/11\/Huile-et-lapins-e1615057453329.jpg\"><img loading=\"lazy\" decoding=\"async\" class=\"alignnone wp-image-512 size-full\" src=\"http:\/\/amap.porte.csc49.fr\/wp-content\/uploads\/2014\/11\/Huile-et-lapins-e1615057453329.jpg\" alt=\"\" width=\"54\" height=\"67\" \/><\/a><\/p>\n<p><strong>M\u00e9lanie Petiteau travaille sur Chemill\u00e9.<br \/><\/strong><\/p>\n<p>Elle vous propose (prix \u00e0 titre indicatif) pour 2023: <\/p>\n<ul>\n<li>de l\u2019huile de tournesol bio 1\u00e8re pression \u00e0 froid. Cultiv\u00e9 et press\u00e9 \u00e0 la ferme \u00e0 4\u20ac80 le litre en vrac ou 5\u20ac80 en bouteille.<\/li>\n<li>de l\u2019huile de colza bio 1\u00e8re pression \u00e0 froid. Cultiv\u00e9 et press\u00e9 \u00e0 la ferme \u00e0 4\u20ac80 le litre en vrac ou 5\u20ac80 en bouteille.<\/li>\n<li>diff\u00e9rentes tisanes \u00e0 6\u20ac<\/li>\n<\/ul>\n<p>Vous pouvez choisir de prendre votre huile soit en vrac (vous apportez votre propre contenant), soit en bouteille en verre d\u20191 litre (fournie par le producteur).<\/p>\n<dl class=\"spip_document_184 spip_documents spip_documents_center\">\n<dt><\/dt>\n<\/dl>\n\n\n<p>Pour toute demande d&rsquo;informations sur les produits : <a href=\"amap.porte@gmail.com\">amap.porte[@]gmail.com<\/a><\/p>\n","protected":false},"excerpt":{"rendered":"<p>M\u00e9lanie Petiteau travaille sur Chemill\u00e9. Elle vous propose (prix \u00e0 titre indicatif) pour 2023: de l\u2019huile de tournesol bio 1\u00e8re pression \u00e0 froid. Cultiv\u00e9 et &hellip; <\/p>\n","protected":false},"author":1,"featured_media":0,"parent":0,"menu_order":0,"comment_status":"open","ping_status":"closed","template":"","meta":{"footnotes":""},"class_list":["post-511","page","type-page","status-publish","hentry"],"_links":{"self":[{"href":"https:\/\/amap.porte.csc49.fr\/index.php?rest_route=\/wp\/v2\/pages\/511","targetHints":{"allow":["GET"]}}],"collection":[{"href":"https:\/\/amap.porte.csc49.fr\/index.php?rest_route=\/wp\/v2\/pages"}],"about":[{"href":"https:\/\/amap.porte.csc49.fr\/index.php?rest_route=\/wp\/v2\/types\/page"}],"author":[{"embeddable":true,"href":"https:\/\/amap.porte.csc49.fr\/index.php?rest_route=\/wp\/v2\/users\/1"}],"replies":[{"embeddable":true,"href":"https:\/\/amap.porte.csc49.fr\/index.php?rest_route=%2Fwp%2Fv2%2Fcomments&post=511"}],"version-history":[{"count":13,"href":"https:\/\/amap.porte.csc49.fr\/index.php?rest_route=\/wp\/v2\/pages\/511\/revisions"}],"predecessor-version":[{"id":2027,"href":"https:\/\/amap.porte.csc49.fr\/index.php?rest_route=\/wp\/v2\/pages\/511\/revisions\/2027"}],"wp:attachment":[{"href":"https:\/\/amap.porte.csc49.fr\/index.php?rest_route=%2Fwp%2Fv2%2Fmedia&parent=511"}],"curies":[{"name":"wp","href":"https:\/\/api.w.org\/{rel}","templated":true}]}}