{"id":494,"date":"2014-11-18T11:34:23","date_gmt":"2014-11-18T10:34:23","guid":{"rendered":"http:\/\/amap.porte.csc49.fr\/?page_id=494"},"modified":"2021-03-07T19:30:48","modified_gmt":"2021-03-07T18:30:48","slug":"contrat-volailles","status":"publish","type":"page","link":"https:\/\/amap.porte.csc49.fr\/?page_id=494","title":{"rendered":"Volailles"},"content":{"rendered":"<p><strong>&nbsp;&nbsp;<a href=\"http:\/\/amap.porte.csc49.fr\/wp-content\/uploads\/2014\/11\/Volailles.jpg\"><img loading=\"lazy\" decoding=\"async\" class=\"alignnone size-full wp-image-502\" src=\"http:\/\/amap.porte.csc49.fr\/wp-content\/uploads\/2014\/11\/Volailles.jpg\" alt=\"Volailles\" width=\"100\" height=\"97\"><\/a>&nbsp;&nbsp;&nbsp;&nbsp;&nbsp;&nbsp;&nbsp;&nbsp;&nbsp;&nbsp;&nbsp;&nbsp;&nbsp;&nbsp;&nbsp;&nbsp;&nbsp;&nbsp;&nbsp;&nbsp;&nbsp;&nbsp;&nbsp;&nbsp;&nbsp;&nbsp;&nbsp; &nbsp; &nbsp;&nbsp;&nbsp; <\/strong><\/p>\n<p><strong>Line Rochereau, de la ferme de la Haute Garde \u00e0 St Georges des Gardes,<\/strong><\/p>\n<p><strong> vous propose des volailles :<\/strong><\/p>\n<ul>\n<li>poulets \u00e0 10\u20ac le kilo (petits poulets de moins de 2kg ou gros poulets de plus de 2kg),<\/li>\n<li>pintades \u00e0 11\u20ac50<\/li>\n<li>ailes, cuisses ou filet de poulet.<\/li>\n<\/ul>\n<p>Les volailles sont propos\u00e9es une fois par mois; elles sont pr\u00e9sent\u00e9es pr\u00eates \u00e0 cuire avec les abats, le tout dans un sac cong\u00e9lation.<\/p>\n<p>Les volailles fermi\u00e8res sont \u00e9lev\u00e9es en plein air en agriculture biologique.<\/p>\n\n\n<p>Pour toute demande d&rsquo;informations sur les produits : <a href=\"http:\/\/amap.porte.csc49.fr\/wp-admin\/amap.porte@gmail.com\">amap.porte[@]gmail.com<\/a><\/p>\n","protected":false},"excerpt":{"rendered":"<p>&nbsp;&nbsp;&nbsp;&nbsp;&nbsp;&nbsp;&nbsp;&nbsp;&nbsp;&nbsp;&nbsp;&nbsp;&nbsp;&nbsp;&nbsp;&nbsp;&nbsp;&nbsp;&nbsp;&nbsp;&nbsp;&nbsp;&nbsp;&nbsp;&nbsp;&nbsp;&nbsp;&nbsp;&nbsp; &nbsp; &nbsp;&nbsp;&nbsp; Line Rochereau, de la ferme de la Haute Garde \u00e0 St Georges des Gardes, vous propose des volailles : poulets \u00e0 10\u20ac &hellip; <\/p>\n","protected":false},"author":1,"featured_media":0,"parent":0,"menu_order":0,"comment_status":"open","ping_status":"closed","template":"","meta":{"footnotes":""},"class_list":["post-494","page","type-page","status-publish","hentry"],"_links":{"self":[{"href":"https:\/\/amap.porte.csc49.fr\/index.php?rest_route=\/wp\/v2\/pages\/494","targetHints":{"allow":["GET"]}}],"collection":[{"href":"https:\/\/amap.porte.csc49.fr\/index.php?rest_route=\/wp\/v2\/pages"}],"about":[{"href":"https:\/\/amap.porte.csc49.fr\/index.php?rest_route=\/wp\/v2\/types\/page"}],"author":[{"embeddable":true,"href":"https:\/\/amap.porte.csc49.fr\/index.php?rest_route=\/wp\/v2\/users\/1"}],"replies":[{"embeddable":true,"href":"https:\/\/amap.porte.csc49.fr\/index.php?rest_route=%2Fwp%2Fv2%2Fcomments&post=494"}],"version-history":[{"count":15,"href":"https:\/\/amap.porte.csc49.fr\/index.php?rest_route=\/wp\/v2\/pages\/494\/revisions"}],"predecessor-version":[{"id":1858,"href":"https:\/\/amap.porte.csc49.fr\/index.php?rest_route=\/wp\/v2\/pages\/494\/revisions\/1858"}],"wp:attachment":[{"href":"https:\/\/amap.porte.csc49.fr\/index.php?rest_route=%2Fwp%2Fv2%2Fmedia&parent=494"}],"curies":[{"name":"wp","href":"https:\/\/api.w.org\/{rel}","templated":true}]}}