{"id":490,"date":"2014-11-18T11:30:54","date_gmt":"2014-11-18T10:30:54","guid":{"rendered":"http:\/\/amap.porte.csc49.fr\/?page_id=490"},"modified":"2021-03-07T19:30:02","modified_gmt":"2021-03-07T18:30:02","slug":"contrat-viande-bovine","status":"publish","type":"page","link":"https:\/\/amap.porte.csc49.fr\/?page_id=490","title":{"rendered":"Viande Bovine"},"content":{"rendered":"<p><strong>&nbsp;&nbsp;&nbsp;&nbsp;&nbsp;&nbsp;&nbsp;&nbsp; <a href=\"http:\/\/amap.porte.csc49.fr\/wp-content\/uploads\/2019\/04\/G\u00e9ralde-et-Sabine.jpg\"><img loading=\"lazy\" decoding=\"async\" class=\"alignnone size-medium wp-image-1150\" src=\"http:\/\/amap.porte.csc49.fr\/wp-content\/uploads\/2019\/04\/G\u00e9ralde-et-Sabine-300x180.jpg\" alt=\"\" width=\"300\" height=\"180\" srcset=\"https:\/\/amap.porte.csc49.fr\/wp-content\/uploads\/2019\/04\/G\u00e9ralde-et-Sabine-300x180.jpg 300w, https:\/\/amap.porte.csc49.fr\/wp-content\/uploads\/2019\/04\/G\u00e9ralde-et-Sabine-240x145.jpg 240w, https:\/\/amap.porte.csc49.fr\/wp-content\/uploads\/2019\/04\/G\u00e9ralde-et-Sabine.jpg 446w\" sizes=\"auto, (max-width: 300px) 100vw, 300px\" \/><\/a><a href=\"http:\/\/amap.porte.csc49.fr\/wp-content\/uploads\/2014\/11\/Viande-Bovin.png\"><img loading=\"lazy\" decoding=\"async\" class=\" wp-image-497 size-full alignleft\" src=\"http:\/\/amap.porte.csc49.fr\/wp-content\/uploads\/2014\/11\/Viande-Bovin.png\" alt=\"Viande Bovin\" width=\"100\" height=\"100\"><\/a><\/strong><\/p>\n<p><strong>G\u00e9rald SECHET et Sabine VINOUZE, du GAEC des Fresnes \u00e0 Valanjou, proposent de la viande de boeuf bio.<\/strong><\/p>\n<p>La viande de boeuf est propos\u00e9e en colis de 8 kg \u00e0 12kg avec plusieurs formules, tous les 3 mois environ.<\/p>\n<p>L&rsquo;autonomie est un mot d&rsquo;ordre chez G\u00e9rald et Sabine, aussi leurs animaux sont nourris exclusivement avec des aliments produits sur la ferme (p\u00e2turage, foin, betterave, m\u00e9lange c\u00e9r\u00e9alier).<\/p>\n<p>Les animaux qu&rsquo;ils vous proposent sont des m\u00e2les castr\u00e9s, de race charolaise de trois ans. Un gage de qualit\u00e9 tant sur le go\u00fbt que sur la tendret\u00e9 de la viande.<\/p>\n<p>Les veaux sont \u00e9lev\u00e9s par leur m\u00e8re qu&rsquo;elle soit au champ ou \u00e0 l&rsquo;abri l&rsquo;hiver.<\/p>\n\n\n<p>Pour toute demande d&rsquo;informations sur les produits : <a href=\"http:\/\/amap.porte.csc49.fr\/wp-admin\/amap.porte@gmail.com\">amap.porte[@]gmail.com<\/a><\/p>\n","protected":false},"excerpt":{"rendered":"<p>&nbsp;&nbsp;&nbsp;&nbsp;&nbsp;&nbsp;&nbsp;&nbsp; G\u00e9rald SECHET et Sabine VINOUZE, du GAEC des Fresnes \u00e0 Valanjou, proposent de la viande de boeuf bio. La viande de boeuf est propos\u00e9e &hellip; <\/p>\n","protected":false},"author":1,"featured_media":497,"parent":0,"menu_order":0,"comment_status":"open","ping_status":"open","template":"","meta":{"footnotes":""},"class_list":["post-490","page","type-page","status-publish","has-post-thumbnail","hentry"],"_links":{"self":[{"href":"https:\/\/amap.porte.csc49.fr\/index.php?rest_route=\/wp\/v2\/pages\/490","targetHints":{"allow":["GET"]}}],"collection":[{"href":"https:\/\/amap.porte.csc49.fr\/index.php?rest_route=\/wp\/v2\/pages"}],"about":[{"href":"https:\/\/amap.porte.csc49.fr\/index.php?rest_route=\/wp\/v2\/types\/page"}],"author":[{"embeddable":true,"href":"https:\/\/amap.porte.csc49.fr\/index.php?rest_route=\/wp\/v2\/users\/1"}],"replies":[{"embeddable":true,"href":"https:\/\/amap.porte.csc49.fr\/index.php?rest_route=%2Fwp%2Fv2%2Fcomments&post=490"}],"version-history":[{"count":22,"href":"https:\/\/amap.porte.csc49.fr\/index.php?rest_route=\/wp\/v2\/pages\/490\/revisions"}],"predecessor-version":[{"id":1856,"href":"https:\/\/amap.porte.csc49.fr\/index.php?rest_route=\/wp\/v2\/pages\/490\/revisions\/1856"}],"wp:featuredmedia":[{"embeddable":true,"href":"https:\/\/amap.porte.csc49.fr\/index.php?rest_route=\/wp\/v2\/media\/497"}],"wp:attachment":[{"href":"https:\/\/amap.porte.csc49.fr\/index.php?rest_route=%2Fwp%2Fv2%2Fmedia&parent=490"}],"curies":[{"name":"wp","href":"https:\/\/api.w.org\/{rel}","templated":true}]}}