{"id":400,"date":"2014-11-11T19:36:44","date_gmt":"2014-11-11T18:36:44","guid":{"rendered":"http:\/\/amap.porte.free.fr\/wordpress\/?page_id=2"},"modified":"2024-06-08T14:09:15","modified_gmt":"2024-06-08T13:09:15","slug":"page-d-exemple-2","status":"publish","type":"page","link":"https:\/\/amap.porte.csc49.fr\/?page_id=400","title":{"rendered":"Pr\u00e9sentation AMAP&rsquo;Porte"},"content":{"rendered":"<hr \/>\n<h6 style=\"text-align: center;\">\u00a0 \u00a0 \u00a0 \u00a0 \u00a0 \u00a0 \u00a0 \u00a0 \u00a0 \u00a0 \u00a0 \u00a0 \u00a0 \u00a0 \u00a0 \u00a0 \u00a0 \u00a0 \u00a0 \u00a0 <a href=\"http:\/\/amap.porte.csc49.fr\/wp-content\/uploads\/2019\/04\/affichecom.jpg\"><img loading=\"lazy\" decoding=\"async\" class=\"wp-image-1220 alignleft\" src=\"http:\/\/amap.porte.csc49.fr\/wp-content\/uploads\/2019\/04\/affichecom-213x300.jpg\" alt=\"\" width=\"392\" height=\"553\" srcset=\"https:\/\/amap.porte.csc49.fr\/wp-content\/uploads\/2019\/04\/affichecom-213x300.jpg 213w, https:\/\/amap.porte.csc49.fr\/wp-content\/uploads\/2019\/04\/affichecom.jpg 452w\" sizes=\"auto, (max-width: 392px) 100vw, 392px\" \/><\/a><\/h6>\n<p style=\"color: #4f5154;\"><strong>AMAP\u2019Porte est n\u00e9e en 2008<\/strong>, sous l\u2019impulsion de l\u2019association Bio Val d\u2019Hyr\u00f4me qui a mis en contact des producteurs et des consomm&rsquo;acteurs d\u00e9sireux de consommer autrement sur Chemill\u00e9 en Anjou (49).<\/p>\n<p style=\"color: #4f5154;\"><strong>L\u2019objectif est de p\u00e9renniser des exploitations agricoles locales en permettant aux agriculteur\u00b7rice\u00b7s de pratiquer la vente directe et permettre aux citoyens de devenir des \u00ab consomm\u2019acteurs \u00bb.<\/strong><\/p>\n<p style=\"color: #4f5154;\"><strong>Etre amapien\u00b7ne<\/strong>, ce n\u2019est pas seulement acheter vos \u0153ufs, lait, cr\u00e8me, beurre, fromage blanc, fromages, fraises, fruits rouge, pommes, jus de pommes, agrumes (oranges, cl\u00e9mentines, pamplemousse, citron), pain, farine, poisson, l\u00e9gumes, viandes de b\u0153uf, porc, agneau, poulets, rillettes de porc, de poule, huile, tisane&#8230; <strong>C\u2019est un partenariat<\/strong> : le consomm&rsquo;acteur et le producteur ne sont plus anonymes, ils entretiennent une relation bas\u00e9e sur la transparence, la confiance et la solidarit\u00e9.<\/p>\n<p style=\"color: #4f5154;\">Le prix \u00e0 payer dans une AMAP est le juste prix de la nourriture qui contribue au maintien pr\u00e8s de chez soi d\u2019un paysan nourricier sans recours \u00e0 des subventions publiques.<\/p>\n<p style=\"color: #4f5154;\">Aujourd\u2019hui AMAP\u2019Porte compte 80 familles adh\u00e9rentes et contribue \u00e0 faire vivre 16 producteurs, r\u00e9partis sur 13 exploitations sur Chemill\u00e9 en Anjou (exceptions:\u00a0 pour les agrumes nous sommes en lien avec un producteur de Corse et pour le poisson, ce sont les p\u00eacheurs de &lsquo;\u00eele d&rsquo;Yeu en Vend\u00e9e). L\u2019AMAP permet \u00e0 ces exploitants de vivre de leur travail mais aussi de pouvoir anticiper et planifier leur production avec une avance de tr\u00e9sorerie et un partage des risques entre le consomm\u2019acteur et le producteur.<\/p>\n<p style=\"color: #4f5154; text-align: center;\"><strong>Ainsi, nous soutenons une agriculture paysanne avec nos actes d&rsquo;achat citoyens.<\/strong><\/p>\n<p>Lors des distributions les amapiens remplissent leurs paniers en fonction des contrats pass\u00e9s.<\/p>\n<p>Les distributions ont lieu les vendredis de 18h30 \u00e0 19h15 :<\/p>\n<ul>\n<li>d&rsquo;octobre \u00e0 mars au <a href=\"http:\/\/lecerclepointu.fr\" target=\"_blank\" rel=\"noopener\">Cercle pointu<\/a> (rue de la broderie 49120 Chemill\u00e9 en Anjou), Pour le stationnement privil\u00e9gier le parking de la gare (passer devant camifolia direction st L\u00e9zin puis tourner \u00e0 droite dans le virage en face de Terrena) aller jusqu&rsquo;au bout (500m)<\/li>\n<li>d&rsquo;avril \u00e0 septembre au GAEC de la Pr\u00e9e (Route de Beaupreau, apr\u00e8s la sortie de Chemill\u00e9, premi\u00e8re ferme sur la droite avant le rond point) Pour le stationnement avancer devant la stabulation des vaches (le parking devant la grange est r\u00e9serv\u00e9 aux producteurs).<\/li>\n<\/ul>\n<h4><a href=\"http:\/\/amap.porte.csc49.fr\/wp-content\/uploads\/2019\/01\/20180921_183533.jpg\"><img loading=\"lazy\" decoding=\"async\" class=\"size-medium wp-image-1057 alignleft\" src=\"http:\/\/amap.porte.csc49.fr\/wp-content\/uploads\/2019\/01\/20180921_183533-169x300.jpg\" alt=\"\" width=\"169\" height=\"300\" srcset=\"https:\/\/amap.porte.csc49.fr\/wp-content\/uploads\/2019\/01\/20180921_183533-169x300.jpg 169w, https:\/\/amap.porte.csc49.fr\/wp-content\/uploads\/2019\/01\/20180921_183533-768x1365.jpg 768w, https:\/\/amap.porte.csc49.fr\/wp-content\/uploads\/2019\/01\/20180921_183533-576x1024.jpg 576w, https:\/\/amap.porte.csc49.fr\/wp-content\/uploads\/2019\/01\/20180921_183533.jpg 1125w\" sizes=\"auto, (max-width: 169px) 100vw, 169px\" \/><\/a>\u00a0\u00a0\u00a0\u00a0\u00a0\u00a0\u00a0\u00a0\u00a0\u00a0\u00a0 <a href=\"http:\/\/amap.porte.csc49.fr\/wp-content\/uploads\/2019\/01\/20180914_182620.jpg\"><img loading=\"lazy\" decoding=\"async\" class=\"size-medium wp-image-1054 alignleft\" src=\"http:\/\/amap.porte.csc49.fr\/wp-content\/uploads\/2019\/01\/20180914_182620-169x300.jpg\" alt=\"\" width=\"169\" height=\"300\" srcset=\"https:\/\/amap.porte.csc49.fr\/wp-content\/uploads\/2019\/01\/20180914_182620-169x300.jpg 169w, https:\/\/amap.porte.csc49.fr\/wp-content\/uploads\/2019\/01\/20180914_182620-768x1365.jpg 768w, https:\/\/amap.porte.csc49.fr\/wp-content\/uploads\/2019\/01\/20180914_182620-576x1024.jpg 576w, https:\/\/amap.porte.csc49.fr\/wp-content\/uploads\/2019\/01\/20180914_182620.jpg 1125w\" sizes=\"auto, (max-width: 169px) 100vw, 169px\" \/> <\/a><em>Cliquez sur les liens :<\/em><\/h4>\n<p>&#8211; pour visionner un exemple de\u00a0 <a href=\"http:\/\/amap.porte.csc49.fr\/wp-content\/uploads\/2021\/03\/calendrier-distribution-nov-2020-mai-2021.pdf\" target=\"_blank\" rel=\"noopener\">calendrier des distributions<\/a><\/p>\n<p>&#8211;\u00a0 pour <a href=\"http:\/\/amap.porte.csc49.fr\/?page_id=1275\" target=\"_blank\" rel=\"noopener\">consulter les statuts de notre association<\/a><\/p>\n<p><a href=\"http:\/\/amap.porte.csc49.fr\/wp-content\/uploads\/2021\/12\/illustration-de-vecteur-d-ampoule-idee-bande-dessinee-136791480.jpg\"><img loading=\"lazy\" decoding=\"async\" class=\"wp-image-1986 alignleft\" src=\"http:\/\/amap.porte.csc49.fr\/wp-content\/uploads\/2021\/12\/illustration-de-vecteur-d-ampoule-idee-bande-dessinee-136791480-300x300.jpg\" alt=\"\" width=\"152\" height=\"152\" srcset=\"https:\/\/amap.porte.csc49.fr\/wp-content\/uploads\/2021\/12\/illustration-de-vecteur-d-ampoule-idee-bande-dessinee-136791480-300x300.jpg 300w, https:\/\/amap.porte.csc49.fr\/wp-content\/uploads\/2021\/12\/illustration-de-vecteur-d-ampoule-idee-bande-dessinee-136791480-150x150.jpg 150w, https:\/\/amap.porte.csc49.fr\/wp-content\/uploads\/2021\/12\/illustration-de-vecteur-d-ampoule-idee-bande-dessinee-136791480-768x768.jpg 768w, https:\/\/amap.porte.csc49.fr\/wp-content\/uploads\/2021\/12\/illustration-de-vecteur-d-ampoule-idee-bande-dessinee-136791480-60x60.jpg 60w, https:\/\/amap.porte.csc49.fr\/wp-content\/uploads\/2021\/12\/illustration-de-vecteur-d-ampoule-idee-bande-dessinee-136791480.jpg 800w\" sizes=\"auto, (max-width: 152px) 100vw, 152px\" \/><\/a><\/p>\n<p>Avant de vous engager vous avez la possibilit\u00e9 de tester les produits propos\u00e9s sur un mois. Venez nous rencontrer lors des distributions pour en parler&#8230;<\/p>\n<p>Ou bien t\u00e9l\u00e9phonez au 06 37 78 89 73 ou au 06 77 71 17 95<\/p>\n<h2 style=\"text-align: center;\"><span style=\"color: #ccc900;\"><strong>Rejoignez-nous !<\/strong><\/span><\/h2>\n<hr \/>\n\n\n<p><\/p>\n","protected":false},"excerpt":{"rendered":"<p>\u00a0 \u00a0 \u00a0 \u00a0 \u00a0 \u00a0 \u00a0 \u00a0 \u00a0 \u00a0 \u00a0 \u00a0 \u00a0 \u00a0 \u00a0 \u00a0 \u00a0 \u00a0 \u00a0 \u00a0 AMAP\u2019Porte est n\u00e9e en 2008, &hellip; <\/p>\n","protected":false},"author":1,"featured_media":0,"parent":0,"menu_order":0,"comment_status":"open","ping_status":"closed","template":"","meta":{"footnotes":""},"class_list":["post-400","page","type-page","status-publish","hentry"],"_links":{"self":[{"href":"https:\/\/amap.porte.csc49.fr\/index.php?rest_route=\/wp\/v2\/pages\/400","targetHints":{"allow":["GET"]}}],"collection":[{"href":"https:\/\/amap.porte.csc49.fr\/index.php?rest_route=\/wp\/v2\/pages"}],"about":[{"href":"https:\/\/amap.porte.csc49.fr\/index.php?rest_route=\/wp\/v2\/types\/page"}],"author":[{"embeddable":true,"href":"https:\/\/amap.porte.csc49.fr\/index.php?rest_route=\/wp\/v2\/users\/1"}],"replies":[{"embeddable":true,"href":"https:\/\/amap.porte.csc49.fr\/index.php?rest_route=%2Fwp%2Fv2%2Fcomments&post=400"}],"version-history":[{"count":113,"href":"https:\/\/amap.porte.csc49.fr\/index.php?rest_route=\/wp\/v2\/pages\/400\/revisions"}],"predecessor-version":[{"id":2157,"href":"https:\/\/amap.porte.csc49.fr\/index.php?rest_route=\/wp\/v2\/pages\/400\/revisions\/2157"}],"wp:attachment":[{"href":"https:\/\/amap.porte.csc49.fr\/index.php?rest_route=%2Fwp%2Fv2%2Fmedia&parent=400"}],"curies":[{"name":"wp","href":"https:\/\/api.w.org\/{rel}","templated":true}]}}