{"id":2216,"date":"2026-03-12T22:17:43","date_gmt":"2026-03-12T21:17:43","guid":{"rendered":"https:\/\/amap.porte.csc49.fr\/?page_id=2216"},"modified":"2026-03-12T22:32:24","modified_gmt":"2026-03-12T21:32:24","slug":"pain-et-pizzas","status":"publish","type":"page","link":"https:\/\/amap.porte.csc49.fr\/?page_id=2216","title":{"rendered":"Pain et pizzas"},"content":{"rendered":"\n<p><strong>La ferme de la Corbi\u00e8re propose du pain au levain et des pizzas v\u00e9g\u00e9tariennes toutes les semaines.<\/strong><\/p>\n\n\n<div class=\"wp-block-image\">\n<figure class=\"aligncenter size-large is-resized\"><a href=\"https:\/\/amap.porte.csc49.fr\/wp-content\/uploads\/2026\/03\/pains-corbiere.jpg\"><img loading=\"lazy\" decoding=\"async\" width=\"1024\" height=\"768\" src=\"https:\/\/amap.porte.csc49.fr\/wp-content\/uploads\/2026\/03\/pains-corbiere-1024x768.jpg\" alt=\"\" class=\"wp-image-2218\" style=\"width:391px;height:auto\" srcset=\"https:\/\/amap.porte.csc49.fr\/wp-content\/uploads\/2026\/03\/pains-corbiere-1024x768.jpg 1024w, https:\/\/amap.porte.csc49.fr\/wp-content\/uploads\/2026\/03\/pains-corbiere-300x225.jpg 300w, https:\/\/amap.porte.csc49.fr\/wp-content\/uploads\/2026\/03\/pains-corbiere-768x576.jpg 768w, https:\/\/amap.porte.csc49.fr\/wp-content\/uploads\/2026\/03\/pains-corbiere-1536x1152.jpg 1536w, https:\/\/amap.porte.csc49.fr\/wp-content\/uploads\/2026\/03\/pains-corbiere-80x60.jpg 80w, https:\/\/amap.porte.csc49.fr\/wp-content\/uploads\/2026\/03\/pains-corbiere.jpg 2048w\" sizes=\"auto, (max-width: 1024px) 100vw, 1024px\" \/><\/a><\/figure>\n<\/div>\n\n\n<blockquote class=\"wp-block-quote is-layout-flow wp-block-quote-is-layout-flow\">\n<p><em>&#8211; Nourrir, employer, pr\u00e9server &#8211;<\/em><\/p>\n<\/blockquote>\n\n\n\n<p>Notre ferme se trouve \u00e0 Roussay (commune de S\u00e8vremoine), dans le sud du Maine-et-Loire. Nous produisons des l\u00e9gumes et du pain paysan, en respectant le cahier des charges de l&rsquo;<strong>Agriculture Biologique<\/strong> depuis 2007, et dans un mode de fonctionnement collectif.<\/p>\n\n\n\n<figure class=\"wp-block-image size-large\"><a href=\"https:\/\/amap.porte.csc49.fr\/wp-content\/uploads\/2026\/03\/470708296_618420684181959_8655995241214051938_n.jpg\"><img loading=\"lazy\" decoding=\"async\" width=\"1024\" height=\"768\" src=\"https:\/\/amap.porte.csc49.fr\/wp-content\/uploads\/2026\/03\/470708296_618420684181959_8655995241214051938_n-1024x768.jpg\" alt=\"\" class=\"wp-image-2219\" srcset=\"https:\/\/amap.porte.csc49.fr\/wp-content\/uploads\/2026\/03\/470708296_618420684181959_8655995241214051938_n-1024x768.jpg 1024w, https:\/\/amap.porte.csc49.fr\/wp-content\/uploads\/2026\/03\/470708296_618420684181959_8655995241214051938_n-300x225.jpg 300w, https:\/\/amap.porte.csc49.fr\/wp-content\/uploads\/2026\/03\/470708296_618420684181959_8655995241214051938_n-768x576.jpg 768w, https:\/\/amap.porte.csc49.fr\/wp-content\/uploads\/2026\/03\/470708296_618420684181959_8655995241214051938_n-1536x1152.jpg 1536w, https:\/\/amap.porte.csc49.fr\/wp-content\/uploads\/2026\/03\/470708296_618420684181959_8655995241214051938_n-80x60.jpg 80w, https:\/\/amap.porte.csc49.fr\/wp-content\/uploads\/2026\/03\/470708296_618420684181959_8655995241214051938_n.jpg 1672w\" sizes=\"auto, (max-width: 1024px) 100vw, 1024px\" \/><\/a><\/figure>\n\n\n\n<p>La majorit\u00e9 de nos <strong>c\u00e9r\u00e9ales de panification sont produites sur la ferme<\/strong> : bl\u00e9, petit \u00e9peautre, seigle, ainsi que le sarrasin.<\/p>\n\n\n\n<p>La meunerie se fait \u00e9galement \u00e0 la ferme : nous utilisons un moulin Astri\u00e9 \u00e0 <strong>meule de pierre, qui nous permet d&rsquo;obtenir des farines de haute qualit\u00e9<\/strong>.<\/p>\n\n\n\n<p>Nos pains sont produits&nbsp;\u00e0 partir de <strong>pur levain exclusivement<\/strong> et la pousse se fait lentement, ce qui leur conf\u00e8re un meilleur profil aromatique&nbsp;et une bonne digestibilit\u00e9.<\/p>\n\n\n\n<p>La cuisson a lieu dans notre <strong>four en briques chauff\u00e9 au bois<\/strong>. Sa taille imposante nous permet d&rsquo;\u00eatre trois boulanger.e.s passionn\u00e9.e.s \u00e0 temps complet.<\/p>\n\n\n\n<p>Pour satisfaire tous les go\u00fbts, nous vous proposons <strong>neuf recettes de pains diff\u00e9rentes, dont deux alternatives \u00e0 faible teneur en gluten<\/strong>.<\/p>\n\n\n\n<p>-> <strong><em>Voir ci-dessous les pains propos\u00e9s par la ferme de la Corbi\u00e8re<\/em><\/strong><\/p>\n\n\n\n<div data-wp-interactive=\"core\/file\" class=\"wp-block-file\"><object data-wp-bind--hidden=\"!state.hasPdfPreview\" hidden class=\"wp-block-file__embed\" data=\"http:\/\/amap.porte.csc49.fr\/wp-content\/uploads\/2026\/03\/Pains-pour-AMAP-Chemille.pdf\" type=\"application\/pdf\" style=\"width:100%;height:600px\" aria-label=\"Contenu embarqu\u00e9 Liste des pains propos\u00e9s \u00e0 l&apos;AMAP.\"><\/object><a id=\"wp-block-file--media-738d1ece-d713-4948-bf6f-6658da3b2049\" href=\"http:\/\/amap.porte.csc49.fr\/wp-content\/uploads\/2026\/03\/Pains-pour-AMAP-Chemille.pdf\">Liste des pains propos\u00e9s \u00e0 l&rsquo;AMAP<\/a><a href=\"http:\/\/amap.porte.csc49.fr\/wp-content\/uploads\/2026\/03\/Pains-pour-AMAP-Chemille.pdf\" class=\"wp-block-file__button wp-element-button\" download aria-describedby=\"wp-block-file--media-738d1ece-d713-4948-bf6f-6658da3b2049\">T\u00e9l\u00e9charger<\/a><\/div>\n\n\n\n<p>De nos champs \u00e0 vos tables, nous mettons tout en \u0153uvre pour vous proposer des pains savoureux et durables !<\/p>\n\n\n\n<p>Plus d&rsquo;infos sur la ferme de la Corbi\u00e8re : <a href=\"https:\/\/www.fermedelacorbiere.fr\/\">https:\/\/www.fermedelacorbiere.fr\/<\/a><\/p>\n","protected":false},"excerpt":{"rendered":"<p>La ferme de la Corbi\u00e8re propose du pain au levain et des pizzas v\u00e9g\u00e9tariennes toutes les semaines. &#8211; Nourrir, employer, pr\u00e9server &#8211; Notre ferme se &hellip; <\/p>\n","protected":false},"author":1,"featured_media":0,"parent":0,"menu_order":0,"comment_status":"closed","ping_status":"closed","template":"","meta":{"footnotes":""},"class_list":["post-2216","page","type-page","status-publish","hentry"],"_links":{"self":[{"href":"https:\/\/amap.porte.csc49.fr\/index.php?rest_route=\/wp\/v2\/pages\/2216","targetHints":{"allow":["GET"]}}],"collection":[{"href":"https:\/\/amap.porte.csc49.fr\/index.php?rest_route=\/wp\/v2\/pages"}],"about":[{"href":"https:\/\/amap.porte.csc49.fr\/index.php?rest_route=\/wp\/v2\/types\/page"}],"author":[{"embeddable":true,"href":"https:\/\/amap.porte.csc49.fr\/index.php?rest_route=\/wp\/v2\/users\/1"}],"replies":[{"embeddable":true,"href":"https:\/\/amap.porte.csc49.fr\/index.php?rest_route=%2Fwp%2Fv2%2Fcomments&post=2216"}],"version-history":[{"count":8,"href":"https:\/\/amap.porte.csc49.fr\/index.php?rest_route=\/wp\/v2\/pages\/2216\/revisions"}],"predecessor-version":[{"id":2233,"href":"https:\/\/amap.porte.csc49.fr\/index.php?rest_route=\/wp\/v2\/pages\/2216\/revisions\/2233"}],"wp:attachment":[{"href":"https:\/\/amap.porte.csc49.fr\/index.php?rest_route=%2Fwp%2Fv2%2Fmedia&parent=2216"}],"curies":[{"name":"wp","href":"https:\/\/api.w.org\/{rel}","templated":true}]}}