{"id":2191,"date":"2025-11-03T16:17:57","date_gmt":"2025-11-03T15:17:57","guid":{"rendered":"https:\/\/amap.porte.csc49.fr\/?page_id=2191"},"modified":"2025-11-03T16:18:40","modified_gmt":"2025-11-03T15:18:40","slug":"tarte-a-la-poele","status":"publish","type":"page","link":"https:\/\/amap.porte.csc49.fr\/?page_id=2191","title":{"rendered":"\u00ab\u00a0Pumpkin Pie\u00a0\u00bb : Tarte \u00e0 la courge (sucr\u00e9)"},"content":{"rendered":"\n<p><strong>Ingr\u00e9dients&nbsp;:<\/strong><\/p>\n\n\n\n<ul class=\"wp-block-list\">\n<li><strong>1 p\u00e2te sabl\u00e9e<\/strong><\/li>\n\n\n\n<li><strong>350g de pur\u00e9e de potimarron<\/strong><\/li>\n\n\n\n<li><strong>2 \u0153ufs<\/strong><\/li>\n\n\n\n<li><strong>80g de sucre roux<\/strong><\/li>\n\n\n\n<li><strong>120g de cr\u00e8me fra\u00eeche<\/strong><\/li>\n\n\n\n<li><strong>1 c. \u00e0 caf\u00e9 de quatre-\u00e9pices<\/strong><\/li>\n<\/ul>\n\n\n\n<p><strong>Pr\u00e9paration&nbsp;:<\/strong><\/p>\n\n\n\n<ul class=\"wp-block-list\">\n<li><strong>Pr\u00e9parer la p\u00e2te sabl\u00e9e si faite maison<\/strong><\/li>\n\n\n\n<li><strong>Fouettez les \u0153ufs avec le sucre. Incorporer la pur\u00e9e de potimarron, la cr\u00e8me fra\u00eeche et le quatre-\u00e9pices<\/strong><\/li>\n\n\n\n<li><strong>\u00c9taler la p\u00e2te puis la disposer dans un plat. Piquer le fond \u00e0 l&rsquo;aide d&rsquo;une fourchette.<\/strong><\/li>\n\n\n\n<li><strong>Verser la garniture et enfourner pour 45 min \u00e0 180 \u00b0C<\/strong><\/li>\n<\/ul>\n\n\n\n<p><strong>Recette propos\u00e9e par la coloc Abricadabri<\/strong><\/p>\n","protected":false},"excerpt":{"rendered":"<p>Ingr\u00e9dients&nbsp;: Pr\u00e9paration&nbsp;: Recette propos\u00e9e par la coloc Abricadabri<\/p>\n","protected":false},"author":1,"featured_media":0,"parent":0,"menu_order":0,"comment_status":"closed","ping_status":"closed","template":"","meta":{"footnotes":""},"class_list":["post-2191","page","type-page","status-publish","hentry"],"_links":{"self":[{"href":"https:\/\/amap.porte.csc49.fr\/index.php?rest_route=\/wp\/v2\/pages\/2191","targetHints":{"allow":["GET"]}}],"collection":[{"href":"https:\/\/amap.porte.csc49.fr\/index.php?rest_route=\/wp\/v2\/pages"}],"about":[{"href":"https:\/\/amap.porte.csc49.fr\/index.php?rest_route=\/wp\/v2\/types\/page"}],"author":[{"embeddable":true,"href":"https:\/\/amap.porte.csc49.fr\/index.php?rest_route=\/wp\/v2\/users\/1"}],"replies":[{"embeddable":true,"href":"https:\/\/amap.porte.csc49.fr\/index.php?rest_route=%2Fwp%2Fv2%2Fcomments&post=2191"}],"version-history":[{"count":2,"href":"https:\/\/amap.porte.csc49.fr\/index.php?rest_route=\/wp\/v2\/pages\/2191\/revisions"}],"predecessor-version":[{"id":2196,"href":"https:\/\/amap.porte.csc49.fr\/index.php?rest_route=\/wp\/v2\/pages\/2191\/revisions\/2196"}],"wp:attachment":[{"href":"https:\/\/amap.porte.csc49.fr\/index.php?rest_route=%2Fwp%2Fv2%2Fmedia&parent=2191"}],"curies":[{"name":"wp","href":"https:\/\/api.w.org\/{rel}","templated":true}]}}