{"id":1916,"date":"2021-03-11T09:13:30","date_gmt":"2021-03-11T08:13:30","guid":{"rendered":"http:\/\/amap.porte.csc49.fr\/?page_id=1916"},"modified":"2023-04-24T10:19:29","modified_gmt":"2023-04-24T09:19:29","slug":"les-2-bergeres-fromage-de-brebis","status":"publish","type":"page","link":"https:\/\/amap.porte.csc49.fr\/?page_id=1916","title":{"rendered":"Les 2 berg\u00e8res, fromage de brebis"},"content":{"rendered":"\n<figure class=\"wp-block-image size-full\"><a href=\"http:\/\/amap.porte.csc49.fr\/wp-content\/uploads\/2023\/04\/les-2-bergeres-1.webp\"><img loading=\"lazy\" decoding=\"async\" width=\"1024\" height=\"535\" src=\"http:\/\/amap.porte.csc49.fr\/wp-content\/uploads\/2023\/04\/les-2-bergeres-1.webp\" alt=\"\" class=\"wp-image-2079\" srcset=\"https:\/\/amap.porte.csc49.fr\/wp-content\/uploads\/2023\/04\/les-2-bergeres-1.webp 1024w, https:\/\/amap.porte.csc49.fr\/wp-content\/uploads\/2023\/04\/les-2-bergeres-1-300x157.webp 300w, https:\/\/amap.porte.csc49.fr\/wp-content\/uploads\/2023\/04\/les-2-bergeres-1-768x401.webp 768w, https:\/\/amap.porte.csc49.fr\/wp-content\/uploads\/2023\/04\/les-2-bergeres-1-115x60.webp 115w\" sizes=\"auto, (max-width: 1024px) 100vw, 1024px\" \/><\/a><\/figure>\n\n\n\n<p class=\"has-text-align-left\">H\u00e9l\u00e8ne et Mathilde des 2 berg\u00e8res sont install\u00e9es en Agriculture<br>Biologique sur la commune de Chanzeaux sur une ferme de 36ha regroup\u00e9s<br>autour du corps de ferme. Aujourd\u2019hui le cheptel est compos\u00e9 de 80 brebis de<br>race Lacaune et de 4 b\u00e9liers. La conduite de l&rsquo;\u00e9levage est centr\u00e9e sur la<br>valorisation de l\u2019herbe par le p\u00e2turage des animaux et la constitution des stocks<br>fourragers. A terme elles souhaitent atteindre une autonomie alimentaire du<br>troupeau gr\u00e2ce \u00e0 l\u2019implantation de m\u00e9langes c\u00e9r\u00e9aliers et fourragers. Tout le<br>lait est transform\u00e9 en totalit\u00e9 dans le laboratoire de fin f\u00e9vrier jusqu&rsquo;au<br>tarissement des brebis en octobre, en respectant ainsi le cycle naturel des<br>brebis. Dans une d\u00e9marche de r\u00e9duction des d\u00e9chets, les yaourts et fromages<br>blancs sont dans des pots en verres, r\u00e9utilisables.<br>Toute la production est \u00e9coul\u00e9e en circuits courts : 4 AMAP, magasins de proximit\u00e9, et \u00e9galement vente \u00e0 la ferme.<\/p>\n\n\n\n<p>A titre indicatif:  voici le prix de certains produits en 2023: <\/p>\n\n\n\n<p>1 pot de 380g de yaourt ou de fromage blanc: 3.90\u20ac<\/p>\n\n\n\n<p>150g de Fet&rsquo;A: 4.05\u20ac<\/p>\n\n\n\n<p>250g de Tome (diff\u00e9rentes vari\u00e9t\u00e9s propos\u00e9es) : 7,75\u20ac<\/p>\n\n\n\n<figure class=\"wp-block-image size-full is-resized\"><a href=\"http:\/\/amap.porte.csc49.fr\/wp-content\/uploads\/2023\/04\/les-2-bergeres-2.webp\"><img loading=\"lazy\" decoding=\"async\" src=\"http:\/\/amap.porte.csc49.fr\/wp-content\/uploads\/2023\/04\/les-2-bergeres-2.webp\" alt=\"\" class=\"wp-image-2084\" width=\"524\" height=\"270\" srcset=\"https:\/\/amap.porte.csc49.fr\/wp-content\/uploads\/2023\/04\/les-2-bergeres-2.webp 640w, https:\/\/amap.porte.csc49.fr\/wp-content\/uploads\/2023\/04\/les-2-bergeres-2-300x155.webp 300w, https:\/\/amap.porte.csc49.fr\/wp-content\/uploads\/2023\/04\/les-2-bergeres-2-116x60.webp 116w\" sizes=\"auto, (max-width: 524px) 100vw, 524px\" \/><\/a><\/figure>\n\n\n\n<div class=\"wp-block-file\"><a id=\"wp-block-file--media-f8877528-893b-4343-b2e8-da06322e8b2f\" href=\"http:\/\/amap.porte.csc49.fr\/wp-content\/uploads\/2021\/03\/Les-2-bergeres-fromage-brebis-Chanzeaux-visite-ferme-j-uillet-2020.pdf\">Cliquez ici pour lire le compte rendu de la visite de la ferme en juillet 2020<\/a><a href=\"http:\/\/amap.porte.csc49.fr\/wp-content\/uploads\/2021\/03\/Les-2-bergeres-fromage-brebis-Chanzeaux-visite-ferme-j-uillet-2020.pdf\" class=\"wp-block-file__button wp-element-button\" download aria-describedby=\"wp-block-file--media-f8877528-893b-4343-b2e8-da06322e8b2f\">T\u00e9l\u00e9charger<\/a><\/div>\n\n\n\n<p>Pour toute demande d\u2019informations sur les produits : <a href=\"http:\/\/amap.porte.csc49.fr\/amap.porte@gmail.com\">amap.porte[@]gmail.com<\/a><\/p>\n","protected":false},"excerpt":{"rendered":"<p>H\u00e9l\u00e8ne et Mathilde des 2 berg\u00e8res sont install\u00e9es en AgricultureBiologique sur la commune de Chanzeaux sur une ferme de 36ha regroup\u00e9sautour du corps de ferme. &hellip; <\/p>\n","protected":false},"author":1,"featured_media":0,"parent":0,"menu_order":0,"comment_status":"closed","ping_status":"closed","template":"","meta":{"footnotes":""},"class_list":["post-1916","page","type-page","status-publish","hentry"],"_links":{"self":[{"href":"https:\/\/amap.porte.csc49.fr\/index.php?rest_route=\/wp\/v2\/pages\/1916","targetHints":{"allow":["GET"]}}],"collection":[{"href":"https:\/\/amap.porte.csc49.fr\/index.php?rest_route=\/wp\/v2\/pages"}],"about":[{"href":"https:\/\/amap.porte.csc49.fr\/index.php?rest_route=\/wp\/v2\/types\/page"}],"author":[{"embeddable":true,"href":"https:\/\/amap.porte.csc49.fr\/index.php?rest_route=\/wp\/v2\/users\/1"}],"replies":[{"embeddable":true,"href":"https:\/\/amap.porte.csc49.fr\/index.php?rest_route=%2Fwp%2Fv2%2Fcomments&post=1916"}],"version-history":[{"count":8,"href":"https:\/\/amap.porte.csc49.fr\/index.php?rest_route=\/wp\/v2\/pages\/1916\/revisions"}],"predecessor-version":[{"id":2085,"href":"https:\/\/amap.porte.csc49.fr\/index.php?rest_route=\/wp\/v2\/pages\/1916\/revisions\/2085"}],"wp:attachment":[{"href":"https:\/\/amap.porte.csc49.fr\/index.php?rest_route=%2Fwp%2Fv2%2Fmedia&parent=1916"}],"curies":[{"name":"wp","href":"https:\/\/api.w.org\/{rel}","templated":true}]}}