{"id":1762,"date":"2021-03-07T09:32:47","date_gmt":"2021-03-07T08:32:47","guid":{"rendered":"http:\/\/amap.porte.csc49.fr\/?page_id=1762"},"modified":"2023-04-21T15:20:55","modified_gmt":"2023-04-21T14:20:55","slug":"inscription-aux-contrats-avec-les-producteurs","status":"publish","type":"page","link":"https:\/\/amap.porte.csc49.fr\/?page_id=1762","title":{"rendered":"Inscription aux contrats avec les producteurs"},"content":{"rendered":"\n<h1 class=\"wp-block-heading\"><\/h1>\n\n\n\n<p>Une fois adh\u00e9rent \u00e0 l&rsquo;association AMAP&rsquo;porte, vous recevrez vos identifiants par mail qui vous permettront de cr\u00e9er vos contrats en ligne via le logiciel AMAP J, en cliquant sur le lien suivant :<\/p>\n\n\n\n<h4 class=\"wp-block-heading\"><a href=\"https:\/\/contrats.amapj.fr\/p\/chemille\" target=\"_blank\" rel=\"noreferrer noopener\">AMAP J contrats en ligne, cliquez ICI<\/a><\/h4>\n\n\n\n<p>Vous pouvez d\u00e9j\u00e0 avoir un aper\u00e7u de ce que les producteurs proposent dans leurs <a rel=\"noreferrer noopener\" href=\"http:\/\/amap.porte.csc49.fr\/?page_id=487\" target=\"_blank\">contrats<\/a> : produits, tarifs ainsi qu&rsquo;une br\u00e8ve pr\u00e9sentation de leur ferme et de leur mani\u00e8re de travailler.<\/p>\n\n\n<div class=\"wp-block-image\">\n<figure class=\"alignleft is-resized\"><a href=\"http:\/\/amap.porte.csc49.fr\/wp-content\/uploads\/2021\/12\/illustration-de-vecteur-d-ampoule-idee-bande-dessinee-136791480.jpg\"><img loading=\"lazy\" decoding=\"async\" src=\"http:\/\/amap.porte.csc49.fr\/wp-content\/uploads\/2021\/12\/illustration-de-vecteur-d-ampoule-idee-bande-dessinee-136791480-300x300.jpg\" alt=\"\" class=\"wp-image-1986\" width=\"107\" height=\"107\" srcset=\"https:\/\/amap.porte.csc49.fr\/wp-content\/uploads\/2021\/12\/illustration-de-vecteur-d-ampoule-idee-bande-dessinee-136791480-300x300.jpg 300w, https:\/\/amap.porte.csc49.fr\/wp-content\/uploads\/2021\/12\/illustration-de-vecteur-d-ampoule-idee-bande-dessinee-136791480-150x150.jpg 150w, https:\/\/amap.porte.csc49.fr\/wp-content\/uploads\/2021\/12\/illustration-de-vecteur-d-ampoule-idee-bande-dessinee-136791480-768x768.jpg 768w, https:\/\/amap.porte.csc49.fr\/wp-content\/uploads\/2021\/12\/illustration-de-vecteur-d-ampoule-idee-bande-dessinee-136791480-60x60.jpg 60w, https:\/\/amap.porte.csc49.fr\/wp-content\/uploads\/2021\/12\/illustration-de-vecteur-d-ampoule-idee-bande-dessinee-136791480.jpg 800w\" sizes=\"auto, (max-width: 107px) 100vw, 107px\" \/><\/a><\/figure>\n<\/div>\n\n\n<p>Avant de vous engager vous avez la possibilit\u00e9 de tester les produits propos\u00e9s sur un mois. Venez nous rencontrer lors des distributions pour en parler&#8230; Ou bien t\u00e9l\u00e9phonez au 06 37 78 89 73 ou au 06 77 71 17 95<\/p>\n","protected":false},"excerpt":{"rendered":"<p>Une fois adh\u00e9rent \u00e0 l&rsquo;association AMAP&rsquo;porte, vous recevrez vos identifiants par mail qui vous permettront de cr\u00e9er vos contrats en ligne via le logiciel AMAP &hellip; <\/p>\n","protected":false},"author":1,"featured_media":0,"parent":0,"menu_order":0,"comment_status":"closed","ping_status":"closed","template":"","meta":{"footnotes":""},"class_list":["post-1762","page","type-page","status-publish","hentry"],"_links":{"self":[{"href":"https:\/\/amap.porte.csc49.fr\/index.php?rest_route=\/wp\/v2\/pages\/1762","targetHints":{"allow":["GET"]}}],"collection":[{"href":"https:\/\/amap.porte.csc49.fr\/index.php?rest_route=\/wp\/v2\/pages"}],"about":[{"href":"https:\/\/amap.porte.csc49.fr\/index.php?rest_route=\/wp\/v2\/types\/page"}],"author":[{"embeddable":true,"href":"https:\/\/amap.porte.csc49.fr\/index.php?rest_route=\/wp\/v2\/users\/1"}],"replies":[{"embeddable":true,"href":"https:\/\/amap.porte.csc49.fr\/index.php?rest_route=%2Fwp%2Fv2%2Fcomments&post=1762"}],"version-history":[{"count":5,"href":"https:\/\/amap.porte.csc49.fr\/index.php?rest_route=\/wp\/v2\/pages\/1762\/revisions"}],"predecessor-version":[{"id":2021,"href":"https:\/\/amap.porte.csc49.fr\/index.php?rest_route=\/wp\/v2\/pages\/1762\/revisions\/2021"}],"wp:attachment":[{"href":"https:\/\/amap.porte.csc49.fr\/index.php?rest_route=%2Fwp%2Fv2%2Fmedia&parent=1762"}],"curies":[{"name":"wp","href":"https:\/\/api.w.org\/{rel}","templated":true}]}}