{"id":1755,"date":"2021-03-07T09:18:00","date_gmt":"2021-03-07T08:18:00","guid":{"rendered":"http:\/\/amap.porte.csc49.fr\/?page_id=1755"},"modified":"2023-06-28T10:37:04","modified_gmt":"2023-06-28T09:37:04","slug":"adhesion-a-lassociation-amapporte","status":"publish","type":"page","link":"https:\/\/amap.porte.csc49.fr\/?page_id=1755","title":{"rendered":"Adh\u00e9sion \u00e0 l&rsquo;association Amap&rsquo;porte"},"content":{"rendered":"\n<h5 class=\"wp-block-heading\">Une cotisation est demand\u00e9e pour pouvoir ensuite passer des contrats avec les producteurs de l&rsquo;AMAP. Elle permet \u00e0 l&rsquo;association de fonctionner. <\/h5>\n\n\n\n<h5 class=\"wp-block-heading\">Le montant de la cotisation est libre mais un minimum de 5 euros est requis.<strong> <\/strong><\/h5>\n\n\n\n<h5 class=\"wp-block-heading\">Vous versez cette cotisation lorsque vous adh\u00e9rez pour la premi\u00e8re fois (peu importe le moment de l&rsquo;ann\u00e9e). Ensuite vous renouvelez votre adh\u00e9sion, par ch\u00e8que ou esp\u00e8ces, chaque ann\u00e9e, lors d&rsquo;une permanence au mois de f\u00e9vrier. <\/h5>\n\n\n<div class=\"wp-block-image\">\n<figure class=\"alignleft is-resized\"><a href=\"http:\/\/amap.porte.csc49.fr\/wp-content\/uploads\/2021\/12\/illustration-de-vecteur-d-ampoule-idee-bande-dessinee-136791480.jpg\"><img loading=\"lazy\" decoding=\"async\" src=\"http:\/\/amap.porte.csc49.fr\/wp-content\/uploads\/2021\/12\/illustration-de-vecteur-d-ampoule-idee-bande-dessinee-136791480-300x300.jpg\" alt=\"\" class=\"wp-image-1986\" width=\"83\" height=\"83\" srcset=\"https:\/\/amap.porte.csc49.fr\/wp-content\/uploads\/2021\/12\/illustration-de-vecteur-d-ampoule-idee-bande-dessinee-136791480-300x300.jpg 300w, https:\/\/amap.porte.csc49.fr\/wp-content\/uploads\/2021\/12\/illustration-de-vecteur-d-ampoule-idee-bande-dessinee-136791480-150x150.jpg 150w, https:\/\/amap.porte.csc49.fr\/wp-content\/uploads\/2021\/12\/illustration-de-vecteur-d-ampoule-idee-bande-dessinee-136791480-768x768.jpg 768w, https:\/\/amap.porte.csc49.fr\/wp-content\/uploads\/2021\/12\/illustration-de-vecteur-d-ampoule-idee-bande-dessinee-136791480-60x60.jpg 60w, https:\/\/amap.porte.csc49.fr\/wp-content\/uploads\/2021\/12\/illustration-de-vecteur-d-ampoule-idee-bande-dessinee-136791480.jpg 800w\" sizes=\"auto, (max-width: 83px) 100vw, 83px\" \/><\/a><\/figure>\n<\/div>\n\n\n<p class=\"has-text-align-right\"> **  <\/p>\n\n\n\n<p class=\"has-large-font-size\"><strong>Vous souhaitez adh\u00e9rer \u00e0 l&rsquo;association ?<\/strong><\/p>\n\n\n\n<p>Venez nous rencontrer lors d&rsquo;une permanence tous les vendredis de 18h30 \u00e0 19h15 :<\/p>\n\n\n\n<ul class=\"wp-block-list\">\n<li>De avril \u00e0 septembre : \u00e0 <strong>la ferme de la Pr\u00e9e<\/strong> (Sortie Chemill\u00e9, direction La Chapelle-Rousselin, \u00e0 droite avant le rond-point)<\/li>\n\n\n\n<li>De octobre \u00e0 mars : au <strong>Cercle Pointu<\/strong> (Rue de la Broderie \u00e0 Chemill\u00e9)<\/li>\n<\/ul>\n","protected":false},"excerpt":{"rendered":"<p>Une cotisation est demand\u00e9e pour pouvoir ensuite passer des contrats avec les producteurs de l&rsquo;AMAP. Elle permet \u00e0 l&rsquo;association de fonctionner. Le montant de la &hellip; <\/p>\n","protected":false},"author":1,"featured_media":0,"parent":0,"menu_order":0,"comment_status":"closed","ping_status":"closed","template":"","meta":{"footnotes":""},"class_list":["post-1755","page","type-page","status-publish","hentry"],"_links":{"self":[{"href":"https:\/\/amap.porte.csc49.fr\/index.php?rest_route=\/wp\/v2\/pages\/1755","targetHints":{"allow":["GET"]}}],"collection":[{"href":"https:\/\/amap.porte.csc49.fr\/index.php?rest_route=\/wp\/v2\/pages"}],"about":[{"href":"https:\/\/amap.porte.csc49.fr\/index.php?rest_route=\/wp\/v2\/types\/page"}],"author":[{"embeddable":true,"href":"https:\/\/amap.porte.csc49.fr\/index.php?rest_route=\/wp\/v2\/users\/1"}],"replies":[{"embeddable":true,"href":"https:\/\/amap.porte.csc49.fr\/index.php?rest_route=%2Fwp%2Fv2%2Fcomments&post=1755"}],"version-history":[{"count":33,"href":"https:\/\/amap.porte.csc49.fr\/index.php?rest_route=\/wp\/v2\/pages\/1755\/revisions"}],"predecessor-version":[{"id":2127,"href":"https:\/\/amap.porte.csc49.fr\/index.php?rest_route=\/wp\/v2\/pages\/1755\/revisions\/2127"}],"wp:attachment":[{"href":"https:\/\/amap.porte.csc49.fr\/index.php?rest_route=%2Fwp%2Fv2%2Fmedia&parent=1755"}],"curies":[{"name":"wp","href":"https:\/\/api.w.org\/{rel}","templated":true}]}}