{"id":145,"date":"2014-11-12T17:31:40","date_gmt":"2014-11-12T16:31:40","guid":{"rendered":"http:\/\/amap.porte.free.fr\/wordpress\/?page_id=145"},"modified":"2014-11-18T09:53:44","modified_gmt":"2014-11-18T08:53:44","slug":"aubergines-gratinees-au-jambon-vos-recettes","status":"publish","type":"page","link":"https:\/\/amap.porte.csc49.fr\/?page_id=145","title":{"rendered":"Aubergines gratin\u00e9es au jambon"},"content":{"rendered":"<div class=\"crayon article-texte-61 texte\">\n<p><strong>Ingr\u00e9dients\u00a0:<\/strong><\/p>\n<p><strong><i>Pour 4 personnes<\/i><\/strong><\/p>\n<ul class=\"spip\">\n<li><strong>3 aubergines<\/strong><\/li>\n<li><strong>400 gr de jambon d\u00e9coup\u00e9 en petits morceaux<\/strong><\/li>\n<li><strong>80 gr d\u2019emmental r\u00e2p\u00e9<\/strong><\/li>\n<li><strong>200 ml de coulis de tomates<\/strong><\/li>\n<li><strong>origan<\/strong><\/li>\n<\/ul>\n<p><strong>Pr\u00e9paration\u00a0:<\/strong><\/p>\n<ul class=\"spip\">\n<li><strong>Lavez les aubergines, \u00f4tez les extr\u00e9mit\u00e9s et coupez-les en petits morceaux.<\/strong><\/li>\n<li><strong>Dans une po\u00eale anti-adh\u00e9sive, faites cuire ces petits morceaux d\u2019aubergines accompagn\u00e9s d\u2019eau, de coulis de tomates et d\u2019origan. Laissez mijoter 15 minutes \u00e0 feu doux.<\/strong><\/li>\n<li><strong>Dans un plat allant au four, alternez une couche d\u2019aubergines brais\u00e9es, une couche de jambon cuit en petits cubes. Saupoudrez le plat d\u2019emmental r\u00e2p\u00e9.<\/strong><\/li>\n<li><strong>Enfournez 20 minutes, thermostat 5 (150\u00b0C).<\/strong><\/li>\n<\/ul>\n<p><strong><i>Recette propos\u00e9e par Delphine.<\/i><\/strong><\/p>\n<\/div>\n","protected":false},"excerpt":{"rendered":"<p>Ingr\u00e9dients\u00a0: Pour 4 personnes 3 aubergines 400 gr de jambon d\u00e9coup\u00e9 en petits morceaux 80 gr d\u2019emmental r\u00e2p\u00e9 200 ml de coulis de tomates origan &hellip; <\/p>\n","protected":false},"author":1,"featured_media":0,"parent":0,"menu_order":0,"comment_status":"open","ping_status":"open","template":"","meta":{"footnotes":""},"class_list":["post-145","page","type-page","status-publish","hentry"],"_links":{"self":[{"href":"https:\/\/amap.porte.csc49.fr\/index.php?rest_route=\/wp\/v2\/pages\/145","targetHints":{"allow":["GET"]}}],"collection":[{"href":"https:\/\/amap.porte.csc49.fr\/index.php?rest_route=\/wp\/v2\/pages"}],"about":[{"href":"https:\/\/amap.porte.csc49.fr\/index.php?rest_route=\/wp\/v2\/types\/page"}],"author":[{"embeddable":true,"href":"https:\/\/amap.porte.csc49.fr\/index.php?rest_route=\/wp\/v2\/users\/1"}],"replies":[{"embeddable":true,"href":"https:\/\/amap.porte.csc49.fr\/index.php?rest_route=%2Fwp%2Fv2%2Fcomments&post=145"}],"version-history":[{"count":1,"href":"https:\/\/amap.porte.csc49.fr\/index.php?rest_route=\/wp\/v2\/pages\/145\/revisions"}],"predecessor-version":[{"id":421,"href":"https:\/\/amap.porte.csc49.fr\/index.php?rest_route=\/wp\/v2\/pages\/145\/revisions\/421"}],"wp:attachment":[{"href":"https:\/\/amap.porte.csc49.fr\/index.php?rest_route=%2Fwp%2Fv2%2Fmedia&parent=145"}],"curies":[{"name":"wp","href":"https:\/\/api.w.org\/{rel}","templated":true}]}}