{"id":143,"date":"2014-11-12T17:30:47","date_gmt":"2014-11-12T16:30:47","guid":{"rendered":"http:\/\/amap.porte.free.fr\/wordpress\/?page_id=143"},"modified":"2014-11-18T09:55:42","modified_gmt":"2014-11-18T08:55:42","slug":"far-aux-framboises-vos-recettes","status":"publish","type":"page","link":"https:\/\/amap.porte.csc49.fr\/?page_id=143","title":{"rendered":"Far aux framboises"},"content":{"rendered":"<div class=\"crayon article-texte-60 texte\">\n<p><strong>Ingr\u00e9dients\u00a0:<\/strong><\/p>\n<ul class=\"spip\">\n<li><strong>4 oeufs<\/strong><\/li>\n<li><strong>130 gr de sucre + 1 sachet de sucre vanill\u00e9<\/strong><\/li>\n<li><strong>200 gr de farine<\/strong><\/li>\n<li><strong>600 ml de lait<\/strong><\/li>\n<li><strong>framboises (de quoi recouvrir le fond du plat)<\/strong><\/li>\n<li><strong>2 petites pommes<\/strong><\/li>\n<\/ul>\n<p><strong>Pr\u00e9paration\u00a0:<\/strong><\/p>\n<ul class=\"spip\">\n<li><strong>Pr\u00e9chauffer le four \u00e0 185\u00b0C.<\/strong><\/li>\n<li><strong>Beurrer le plat et recouvrir le fond de framboises.<\/strong><\/li>\n<li><strong>Battre les oeufs et les sucres jusqu\u2019\u00e0 ce que la pr\u00e9aparation blanchisse et mousse.<\/strong><\/li>\n<li><strong>Ajouter petit \u00e0 petit la farine tamis\u00e9e en remuant pour \u00e9viter les grumeaux.<\/strong><\/li>\n<li><strong>Verser ensuite le lait progressivement. Remuer \u00e0 nouveau pour que la pr\u00e9paration soit homog\u00e8ne.<\/strong><\/li>\n<li><strong>Verser la pr\u00e9paration sur les framboises, parsemer de d\u00e9s de pommes, ajouter quelques lamelles de beurre sal\u00e9 et enfourner pour 30 minutes \u00e0 185\u00b0C puis 25 minutes \u00e0 170\u00b0C.<\/strong><\/li>\n<\/ul>\n<p><strong><i>Recette propos\u00e9e par Justine.<\/i><\/strong><\/p>\n<\/div>\n","protected":false},"excerpt":{"rendered":"<p>Ingr\u00e9dients\u00a0: 4 oeufs 130 gr de sucre + 1 sachet de sucre vanill\u00e9 200 gr de farine 600 ml de lait framboises (de quoi recouvrir &hellip; <\/p>\n","protected":false},"author":1,"featured_media":0,"parent":0,"menu_order":0,"comment_status":"open","ping_status":"open","template":"","meta":{"footnotes":""},"class_list":["post-143","page","type-page","status-publish","hentry"],"_links":{"self":[{"href":"https:\/\/amap.porte.csc49.fr\/index.php?rest_route=\/wp\/v2\/pages\/143","targetHints":{"allow":["GET"]}}],"collection":[{"href":"https:\/\/amap.porte.csc49.fr\/index.php?rest_route=\/wp\/v2\/pages"}],"about":[{"href":"https:\/\/amap.porte.csc49.fr\/index.php?rest_route=\/wp\/v2\/types\/page"}],"author":[{"embeddable":true,"href":"https:\/\/amap.porte.csc49.fr\/index.php?rest_route=\/wp\/v2\/users\/1"}],"replies":[{"embeddable":true,"href":"https:\/\/amap.porte.csc49.fr\/index.php?rest_route=%2Fwp%2Fv2%2Fcomments&post=143"}],"version-history":[{"count":1,"href":"https:\/\/amap.porte.csc49.fr\/index.php?rest_route=\/wp\/v2\/pages\/143\/revisions"}],"predecessor-version":[{"id":427,"href":"https:\/\/amap.porte.csc49.fr\/index.php?rest_route=\/wp\/v2\/pages\/143\/revisions\/427"}],"wp:attachment":[{"href":"https:\/\/amap.porte.csc49.fr\/index.php?rest_route=%2Fwp%2Fv2%2Fmedia&parent=143"}],"curies":[{"name":"wp","href":"https:\/\/api.w.org\/{rel}","templated":true}]}}