{"id":1415,"date":"2021-02-18T11:48:45","date_gmt":"2021-02-18T10:48:45","guid":{"rendered":"http:\/\/amap.porte.csc49.fr\/?page_id=1415"},"modified":"2026-03-12T22:32:27","modified_gmt":"2026-03-12T21:32:27","slug":"colibri-wp","status":"publish","type":"page","link":"https:\/\/amap.porte.csc49.fr\/","title":{"rendered":"Page d&rsquo;accueil"},"content":{"rendered":"\n<h3 class=\"wp-block-heading\">Vendredi 3 avril 2026 : AMAP&rsquo;Portes Ouvertes !<\/h3>\n\n\n\n<p>Venez d\u00e9couvrir l&rsquo;AMAP de Chemill\u00e9, syst\u00e8me de commande de paniers de produits locaux entre consomm&rsquo;acteurs et paysans (voir la page <a href=\"http:\/\/amap.porte.csc49.fr\/?page_id=400\" target=\"_blank\" rel=\"noreferrer noopener\">Pr\u00e9sentation AMAP&rsquo;Porte<\/a>)<\/p>\n\n\n\n<ul class=\"wp-block-list\">\n<li>rencontrez les producteurs et productrices de l&rsquo;AMAP <\/li>\n\n\n\n<li>d\u00e9couvrir <a href=\"http:\/\/amap.porte.csc49.fr\/?page_id=487\" data-type=\"page\" data-id=\"487\" target=\"_blank\" rel=\"noreferrer noopener\">leurs produits<\/a> (et d\u00e9gustez-en !)<\/li>\n\n\n\n<li>discutez avec les amapiens pour connaitre le fonctionnement de l&rsquo;AMAP<\/li>\n\n\n\n<li>adh\u00e9rez ? \ud83d\ude42<\/li>\n<\/ul>\n\n\n\n<p><span style=\"text-decoration: underline;\">Infos pratiques<\/span> : de 18h30 \u00e0 19h30 \u00e0 la ferme du GAEC de la Pr\u00e9e : en sortant de Chemill\u00e9 route de La Chapelle-Rousselin, \u00e0 droite avant le rond-point de la route des Mauges. Le parking sera indiqu\u00e9.<\/p>\n\n\n\n<figure class=\"wp-block-image size-large is-resized\"><a href=\"https:\/\/amap.porte.csc49.fr\/wp-content\/uploads\/2026\/03\/Flyer-AMAP-portes-ouvertes_2026.jpg\"><img loading=\"lazy\" decoding=\"async\" width=\"724\" height=\"1024\" src=\"https:\/\/amap.porte.csc49.fr\/wp-content\/uploads\/2026\/03\/Flyer-AMAP-portes-ouvertes_2026-724x1024.jpg\" alt=\"\" class=\"wp-image-2235\" style=\"width:559px;height:auto\" srcset=\"https:\/\/amap.porte.csc49.fr\/wp-content\/uploads\/2026\/03\/Flyer-AMAP-portes-ouvertes_2026-724x1024.jpg 724w, https:\/\/amap.porte.csc49.fr\/wp-content\/uploads\/2026\/03\/Flyer-AMAP-portes-ouvertes_2026-212x300.jpg 212w, https:\/\/amap.porte.csc49.fr\/wp-content\/uploads\/2026\/03\/Flyer-AMAP-portes-ouvertes_2026-768x1086.jpg 768w, https:\/\/amap.porte.csc49.fr\/wp-content\/uploads\/2026\/03\/Flyer-AMAP-portes-ouvertes_2026-1086x1536.jpg 1086w, https:\/\/amap.porte.csc49.fr\/wp-content\/uploads\/2026\/03\/Flyer-AMAP-portes-ouvertes_2026-1448x2048.jpg 1448w, https:\/\/amap.porte.csc49.fr\/wp-content\/uploads\/2026\/03\/Flyer-AMAP-portes-ouvertes_2026-42x60.jpg 42w, https:\/\/amap.porte.csc49.fr\/wp-content\/uploads\/2026\/03\/Flyer-AMAP-portes-ouvertes_2026.jpg 1587w\" sizes=\"auto, (max-width: 724px) 100vw, 724px\" \/><\/a><\/figure>\n\n\n\n<h3 class=\"wp-block-heading\">Autres actu<\/h3>\n\n\n\n<p>A \u00e9couter en replay: On va d\u00e9guster sur France Inter consacr\u00e9e aux AMAP&#8230;<\/p>\n\n\n\n<p><a href=\"https:\/\/www.radiofrance.fr\/franceinter\/podcasts\/on-va-deguster\/on-va-deguster-du-dimanche-28-janvier-2024-9827358\">https:\/\/www.radiofrance.fr\/franceinter\/podcasts\/on-va-deguster\/on-va-deguster-du-dimanche-28-janvier-2024-9827358<\/a><\/p>\n\n\n\n<figure class=\"wp-block-image size-large\"><a href=\"http:\/\/amap.porte.csc49.fr\/wp-content\/uploads\/2021\/03\/bandeau-amap-site-scaled.jpg\"><img loading=\"lazy\" decoding=\"async\" width=\"1024\" height=\"321\" src=\"http:\/\/amap.porte.csc49.fr\/wp-content\/uploads\/2021\/03\/bandeau-amap-site-1024x321.jpg\" alt=\"\" class=\"wp-image-1627\" srcset=\"https:\/\/amap.porte.csc49.fr\/wp-content\/uploads\/2021\/03\/bandeau-amap-site-1024x321.jpg 1024w, https:\/\/amap.porte.csc49.fr\/wp-content\/uploads\/2021\/03\/bandeau-amap-site-300x94.jpg 300w, https:\/\/amap.porte.csc49.fr\/wp-content\/uploads\/2021\/03\/bandeau-amap-site-768x241.jpg 768w, https:\/\/amap.porte.csc49.fr\/wp-content\/uploads\/2021\/03\/bandeau-amap-site-1536x482.jpg 1536w, https:\/\/amap.porte.csc49.fr\/wp-content\/uploads\/2021\/03\/bandeau-amap-site-2048x642.jpg 2048w, https:\/\/amap.porte.csc49.fr\/wp-content\/uploads\/2021\/03\/bandeau-amap-site-191x60.jpg 191w\" sizes=\"auto, (max-width: 1024px) 100vw, 1024px\" \/><\/a><\/figure>\n","protected":false},"excerpt":{"rendered":"<p>Vendredi 3 avril 2026 : AMAP&rsquo;Portes Ouvertes ! Venez d\u00e9couvrir l&rsquo;AMAP de Chemill\u00e9, syst\u00e8me de commande de paniers de produits locaux entre consomm&rsquo;acteurs et paysans &hellip; <\/p>\n","protected":false},"author":1,"featured_media":0,"parent":0,"menu_order":0,"comment_status":"closed","ping_status":"closed","template":"","meta":{"footnotes":""},"class_list":["post-1415","page","type-page","status-publish","hentry"],"_links":{"self":[{"href":"https:\/\/amap.porte.csc49.fr\/index.php?rest_route=\/wp\/v2\/pages\/1415","targetHints":{"allow":["GET"]}}],"collection":[{"href":"https:\/\/amap.porte.csc49.fr\/index.php?rest_route=\/wp\/v2\/pages"}],"about":[{"href":"https:\/\/amap.porte.csc49.fr\/index.php?rest_route=\/wp\/v2\/types\/page"}],"author":[{"embeddable":true,"href":"https:\/\/amap.porte.csc49.fr\/index.php?rest_route=\/wp\/v2\/users\/1"}],"replies":[{"embeddable":true,"href":"https:\/\/amap.porte.csc49.fr\/index.php?rest_route=%2Fwp%2Fv2%2Fcomments&post=1415"}],"version-history":[{"count":25,"href":"https:\/\/amap.porte.csc49.fr\/index.php?rest_route=\/wp\/v2\/pages\/1415\/revisions"}],"predecessor-version":[{"id":2236,"href":"https:\/\/amap.porte.csc49.fr\/index.php?rest_route=\/wp\/v2\/pages\/1415\/revisions\/2236"}],"wp:attachment":[{"href":"https:\/\/amap.porte.csc49.fr\/index.php?rest_route=%2Fwp%2Fv2%2Fmedia&parent=1415"}],"curies":[{"name":"wp","href":"https:\/\/api.w.org\/{rel}","templated":true}]}}