{"id":136,"date":"2014-11-12T17:27:59","date_gmt":"2014-11-12T16:27:59","guid":{"rendered":"http:\/\/amap.porte.free.fr\/wordpress\/?page_id=136"},"modified":"2014-11-18T09:55:02","modified_gmt":"2014-11-18T08:55:02","slug":"compote-pommes-fraises-et-vanille-vos-recettes","status":"publish","type":"page","link":"https:\/\/amap.porte.csc49.fr\/?page_id=136","title":{"rendered":"Compote pommes, fraises et vanille"},"content":{"rendered":"<div class=\"crayon article-texte-57 texte\">\n<p><strong>Ingr\u00e9dients\u00a0:<\/strong><\/p>\n<ul class=\"spip\">\n<li><strong>500 gr de pommes<\/strong><\/li>\n<li><strong>100 gr de fraises<\/strong><\/li>\n<li><strong>vanille<\/strong><\/li>\n<li><strong>sucre au choix<\/strong><\/li>\n<\/ul>\n<p><strong>Pr\u00e9paration\u00a0:<\/strong><\/p>\n<ul class=\"spip\">\n<li><strong>Lavez, pelez et \u00e9videz vos pommes.<\/strong><\/li>\n<li><strong>Lavez les fraises<\/strong><\/li>\n<li><strong>Mettez vos pommes et vos fraises dans une grande marmite avec un fond d\u2019eau (environ 50 ml).<\/strong><\/li>\n<li><strong>Faites cuire \u00e0 feu moyen en remuant r\u00e9guli\u00e8rement. Une fois que les fruits sont bien cuits (les pommes doivent \u00eatre transparentes), arr\u00eatez le feu et mixez le tout avec un mixeur plongeant.<\/strong><\/li>\n<li><strong>Vous pouvez les mettre au frais et les d\u00e9gustez ensuite.<\/strong><\/li>\n<\/ul>\n<p><strong>Recette propos\u00e9e par Marl\u00e8ne.<\/strong><\/p>\n<\/div>\n","protected":false},"excerpt":{"rendered":"<p>Ingr\u00e9dients\u00a0: 500 gr de pommes 100 gr de fraises vanille sucre au choix Pr\u00e9paration\u00a0: Lavez, pelez et \u00e9videz vos pommes. Lavez les fraises Mettez vos &hellip; <\/p>\n","protected":false},"author":1,"featured_media":0,"parent":0,"menu_order":0,"comment_status":"open","ping_status":"open","template":"","meta":{"footnotes":""},"class_list":["post-136","page","type-page","status-publish","hentry"],"_links":{"self":[{"href":"https:\/\/amap.porte.csc49.fr\/index.php?rest_route=\/wp\/v2\/pages\/136","targetHints":{"allow":["GET"]}}],"collection":[{"href":"https:\/\/amap.porte.csc49.fr\/index.php?rest_route=\/wp\/v2\/pages"}],"about":[{"href":"https:\/\/amap.porte.csc49.fr\/index.php?rest_route=\/wp\/v2\/types\/page"}],"author":[{"embeddable":true,"href":"https:\/\/amap.porte.csc49.fr\/index.php?rest_route=\/wp\/v2\/users\/1"}],"replies":[{"embeddable":true,"href":"https:\/\/amap.porte.csc49.fr\/index.php?rest_route=%2Fwp%2Fv2%2Fcomments&post=136"}],"version-history":[{"count":1,"href":"https:\/\/amap.porte.csc49.fr\/index.php?rest_route=\/wp\/v2\/pages\/136\/revisions"}],"predecessor-version":[{"id":425,"href":"https:\/\/amap.porte.csc49.fr\/index.php?rest_route=\/wp\/v2\/pages\/136\/revisions\/425"}],"wp:attachment":[{"href":"https:\/\/amap.porte.csc49.fr\/index.php?rest_route=%2Fwp%2Fv2%2Fmedia&parent=136"}],"curies":[{"name":"wp","href":"https:\/\/api.w.org\/{rel}","templated":true}]}}