{"id":1246,"date":"2019-10-01T17:42:48","date_gmt":"2019-10-01T16:42:48","guid":{"rendered":"http:\/\/amap.porte.csc49.fr\/?page_id=1246"},"modified":"2026-02-20T18:30:50","modified_gmt":"2026-02-20T17:30:50","slug":"permanences","status":"publish","type":"page","link":"https:\/\/amap.porte.csc49.fr\/?page_id=1246","title":{"rendered":"Permanences"},"content":{"rendered":"\n<p>En adh\u00e9rant \u00e0 l&rsquo;AMAP, chaque Amapien\u00b7ne s&rsquo;engage \u00e0 faire <strong>au minimum deux permanences par an<\/strong> (de 18h15 \u00e0 19h30) sur le lieu de distribution.<\/p>\n\n\n\n<p>En quoi consiste une permanence ?<\/p>\n\n\n\n<ul class=\"wp-block-list\">\n<li>\u00catre l\u00e0 15 minutes avant et apr\u00e8s pour aider les producteur\u00b7rice\u00b7s \u00e0 d\u00e9charger leurs produits<\/li>\n\n\n\n<li>Pouvoir faire passer une info sur toute la distribution (<em>ex : David souhaite demander \u00e0 ne pas laisser de cagette \u00e0 la fin de la distribution. Comment faire passer l&rsquo;info ? Et bien gr\u00e2ce \u00e0 la permanence !<\/em>)<\/li>\n\n\n\n<li>Accueillir d&rsquo;\u00e9ventuelles nouvelles personnes (mais on peut demander aux plus ancien\u00b7ne\u00b7s pour \u00e7a &#x1f609;)<\/li>\n<\/ul>\n\n\n\n<p>Vous pouvez vous inscrire aux permanences via ce fichier en ligne : <a aria-label=\" (s\u2019ouvre dans un nouvel onglet)\" href=\"https:\/\/lite.framacalc.org\/perm-amaporte-2019-2020-bis-\" target=\"_blank\" rel=\"noreferrer noopener\">https:\/\/lite.framacalc.org\/perm-amaporte<\/a><\/p>\n\n\n\n<p>Timide au d\u00e9marrage ? Inscrivez-vous en bin\u00f4me avec une personne plus exp\u00e9riment\u00e9e !<\/p>\n\n\n\n<hr class=\"wp-block-separator has-css-opacity\"\/>\n\n\n\n<hr class=\"wp-block-separator has-css-opacity\"\/>\n\n\n\n<p><\/p>\n","protected":false},"excerpt":{"rendered":"<p>En adh\u00e9rant \u00e0 l&rsquo;AMAP, chaque Amapien\u00b7ne s&rsquo;engage \u00e0 faire au minimum deux permanences par an (de 18h15 \u00e0 19h30) sur le lieu de distribution. En &hellip; <\/p>\n","protected":false},"author":1,"featured_media":0,"parent":0,"menu_order":0,"comment_status":"closed","ping_status":"closed","template":"","meta":{"footnotes":""},"class_list":["post-1246","page","type-page","status-publish","hentry"],"_links":{"self":[{"href":"https:\/\/amap.porte.csc49.fr\/index.php?rest_route=\/wp\/v2\/pages\/1246","targetHints":{"allow":["GET"]}}],"collection":[{"href":"https:\/\/amap.porte.csc49.fr\/index.php?rest_route=\/wp\/v2\/pages"}],"about":[{"href":"https:\/\/amap.porte.csc49.fr\/index.php?rest_route=\/wp\/v2\/types\/page"}],"author":[{"embeddable":true,"href":"https:\/\/amap.porte.csc49.fr\/index.php?rest_route=\/wp\/v2\/users\/1"}],"replies":[{"embeddable":true,"href":"https:\/\/amap.porte.csc49.fr\/index.php?rest_route=%2Fwp%2Fv2%2Fcomments&post=1246"}],"version-history":[{"count":14,"href":"https:\/\/amap.porte.csc49.fr\/index.php?rest_route=\/wp\/v2\/pages\/1246\/revisions"}],"predecessor-version":[{"id":2205,"href":"https:\/\/amap.porte.csc49.fr\/index.php?rest_route=\/wp\/v2\/pages\/1246\/revisions\/2205"}],"wp:attachment":[{"href":"https:\/\/amap.porte.csc49.fr\/index.php?rest_route=%2Fwp%2Fv2%2Fmedia&parent=1246"}],"curies":[{"name":"wp","href":"https:\/\/api.w.org\/{rel}","templated":true}]}}